{"id":14998,"date":"2024-05-27T13:19:28","date_gmt":"2024-05-27T11:19:28","guid":{"rendered":"https:\/\/www.carmedeolazabal.cat\/contacto\/"},"modified":"2024-08-07T13:50:11","modified_gmt":"2024-08-07T11:50:11","slug":"contacte","status":"publish","type":"page","link":"https:\/\/www.carmedeolazabal.cat\/ca\/contacte\/","title":{"rendered":"Contacte"},"content":{"rendered":"\n<div class=\"wp-block-uagb-container uagb-block-1d66c141 alignfull uagb-is-root-container\">\n<h1 class=\"wp-block-heading has-text-align-center has-large-font-size\">Contacte<\/h1>\n<\/div>\n\n\n\n<div class=\"wp-block-uagb-container uagb-block-e244c810 alignfull uagb-is-root-container\"><div class=\"uagb-container-inner-blocks-wrap\">\n<div class=\"wp-block-uagb-container uagb-block-301b40b8\">\n<h2 class=\"wp-block-heading\">Dades de contacte<\/h2>\n\n\n\n<p>Si tens dubtes, suggeriments, etc. pots contactar amb mi a trav\u00e9s de les seg\u00fcents dades de contacte i estar\u00e9 encantada d&#8217;atendre&#8217;t com m\u00e9s aviat millor:<\/p>\n\n\n\n<div class=\"wp-block-uagb-icon-list uagb-block-ff92000e\"><div class=\"uagb-icon-list__wrap\">\n<div class=\"wp-block-uagb-icon-list-child uagb-block-188c0733\"><a target=\"_self\" aria-label=\"649 295 823\" rel=\"noopener noreferrer\" href=\"tel:+34649295823\"> <\/a><span class=\"uagb-icon-list__source-wrap\"><svg xmlns=\"https:\/\/www.w3.org\/2000\/svg\" viewBox=\"0 0 512 512\"><path d=\"M511.2 387l-23.25 100.8c-3.266 14.25-15.79 24.22-30.46 24.22C205.2 512 0 306.8 0 54.5c0-14.66 9.969-27.2 24.22-30.45l100.8-23.25C139.7-2.602 154.7 5.018 160.8 18.92l46.52 108.5c5.438 12.78 1.77 27.67-8.98 36.45L144.5 207.1c33.98 69.22 90.26 125.5 159.5 159.5l44.08-53.8c8.688-10.78 23.69-14.51 36.47-8.975l108.5 46.51C506.1 357.2 514.6 372.4 511.2 387z\"><\/path><\/svg><\/span><span class=\"uagb-icon-list__label\">649 295 823<\/span><\/div>\n\n\n\n<div class=\"wp-block-uagb-icon-list-child uagb-block-f9eb3204\"><a target=\"_self\" aria-label=\"info@carmedeolazabal.cat\" rel=\"noopener noreferrer\" href=\"mailto:info@carmedeolazabal.com\"> <\/a><span class=\"uagb-icon-list__source-wrap\"><svg xmlns=\"https:\/\/www.w3.org\/2000\/svg\" viewBox=\"0 0 512 512\"><path d=\"M464 64C490.5 64 512 85.49 512 112C512 127.1 504.9 141.3 492.8 150.4L275.2 313.6C263.8 322.1 248.2 322.1 236.8 313.6L19.2 150.4C7.113 141.3 0 127.1 0 112C0 85.49 21.49 64 48 64H464zM217.6 339.2C240.4 356.3 271.6 356.3 294.4 339.2L512 176V384C512 419.3 483.3 448 448 448H64C28.65 448 0 419.3 0 384V176L217.6 339.2z\"><\/path><\/svg><\/span><span class=\"uagb-icon-list__label\">info@carmedeolazabal.cat<\/span><\/div>\n\n\n\n<div class=\"wp-block-uagb-icon-list-child uagb-block-08f062dc\"><a target=\"_blank\" aria-label=\"Carrer del Doctor Murillo, 11, A, 08172 Sant Cugat del Vall\u00e8s, Barcelona\" rel=\"noopener noreferrer\" href=\"https:\/\/maps.app.goo.gl\/hK4PYn94VcrLFToK6\"> <\/a><span class=\"uagb-icon-list__source-wrap\"><svg xmlns=\"https:\/\/www.w3.org\/2000\/svg\" viewBox=\"0 0 384 512\"><path d=\"M168.3 499.2C116.1 435 0 279.4 0 192C0 85.96 85.96 0 192 0C298 0 384 85.96 384 192C384 279.4 267 435 215.7 499.2C203.4 514.5 180.6 514.5 168.3 499.2H168.3zM192 256C227.3 256 256 227.3 256 192C256 156.7 227.3 128 192 128C156.7 128 128 156.7 128 192C128 227.3 156.7 256 192 256z\"><\/path><\/svg><\/span><span class=\"uagb-icon-list__label\">Carrer del Doctor Murillo, 11, A, 08172 Sant Cugat del Vall\u00e8s, Barcelona<\/span><\/div>\n<\/div><\/div>\n\n\n\n<iframe src=\"https:\/\/www.google.com\/maps\/embed?pb=!1m18!1m12!1m3!1d5979.394433580046!2d2.0783934129275514!3d41.46748197116988!2m3!1f0!2f0!3f0!3m2!1i1024!2i768!4f13.1!3m3!1m2!1s0x12a496dc55555555%3A0x5b0ce97471e71cb8!2sCarme%20de%20Olaz%C3%A1bal%20Fotografia%20-%20Fot%C3%B2grafo%20a%20Sant%20Cugat!5e0!3m2!1ses!2ses!4v1716809813851!5m2!1ses!2ses\" width=\"600\" height=\"450\" style=\"border:0;\" allowfullscreen=\"\" loading=\"lazy\" referrerpolicy=\"no-referrer-when-downgrade\"><\/iframe>\n<\/div>\n\n\n\n<div class=\"wp-block-uagb-container uagb-block-6c516ca1\">\n<h2 class=\"wp-block-heading\">Formulari de contacte<\/h2>\n\n\n<div class=\"wpforms-container wpforms-container-full wpforms-block wpforms-block-8aee1683-8fca-4262-9d9d-36f0bcc42f32 wpforms-render-modern\" id=\"wpforms-19175\"><form id=\"wpforms-form-19175\" class=\"wpforms-validate wpforms-form wpforms-ajax-form\" data-formid=\"19175\" method=\"post\" enctype=\"multipart\/form-data\" action=\"\/ca\/wp-json\/wp\/v2\/pages\/14998\" data-token=\"c3b79ab19b0a6283e784e848b36c10f0\" data-token-time=\"1775275021\"><noscript class=\"wpforms-error-noscript\">Activeu el JavaScript al navegador per a poder completar el formulari.<\/noscript><div id=\"wpforms-error-noscript\" style=\"display: none;\">Activeu el JavaScript al navegador per a poder completar el formulari.<\/div><div class=\"wpforms-field-container\"><div id=\"wpforms-19175-field_0-container\" class=\"wpforms-field wpforms-field-name\" data-field-id=\"0\"><fieldset><legend class=\"wpforms-field-label\">Nom <span class=\"wpforms-required-label\" aria-hidden=\"true\">*<\/span><\/legend><div class=\"wpforms-field-row wpforms-field-large\"><div class=\"wpforms-field-row-block wpforms-first wpforms-one-half\"><input type=\"text\" id=\"wpforms-19175-field_0\" class=\"wpforms-field-name-first wpforms-field-required\" name=\"wpforms[fields][0][first]\" aria-errormessage=\"wpforms-19175-field_0-error\" required><label for=\"wpforms-19175-field_0\" class=\"wpforms-field-sublabel after\">Nom<\/label><\/div><div class=\"wpforms-field-row-block wpforms-one-half\"><input type=\"text\" id=\"wpforms-19175-field_0-last\" class=\"wpforms-field-name-last wpforms-field-required\" name=\"wpforms[fields][0][last]\" aria-errormessage=\"wpforms-19175-field_0-last-error\" required><label for=\"wpforms-19175-field_0-last\" class=\"wpforms-field-sublabel after\">Cognoms<\/label><\/div><\/div><\/fieldset><\/div><div id=\"wpforms-19175-field_3-container\" class=\"wpforms-field wpforms-field-number wpforms-one-half wpforms-first wpforms-mobile-full\" data-field-id=\"3\"><label class=\"wpforms-field-label\" for=\"wpforms-19175-field_3\">Tel\u00e8fon <span class=\"wpforms-required-label\" aria-hidden=\"true\">*<\/span><\/label><input type=\"number\" id=\"wpforms-19175-field_3\" class=\"wpforms-field-large wpforms-field-required\" name=\"wpforms[fields][3]\" step=\"any\" aria-errormessage=\"wpforms-19175-field_3-error\" required><\/div><div id=\"wpforms-19175-field_1-container\" class=\"wpforms-field wpforms-field-email wpforms-one-half wpforms-mobile-full\" data-field-id=\"1\"><label class=\"wpforms-field-label\" for=\"wpforms-19175-field_1\">Correu electr\u00f2nic <span class=\"wpforms-required-label\" aria-hidden=\"true\">*<\/span><\/label><input type=\"email\" id=\"wpforms-19175-field_1\" class=\"wpforms-field-large wpforms-field-required\" name=\"wpforms[fields][1]\" spellcheck=\"false\" aria-errormessage=\"wpforms-19175-field_1-error\" required><\/div><div id=\"wpforms-19175-field_2-container\" class=\"wpforms-field wpforms-field-textarea\" data-field-id=\"2\"><label class=\"wpforms-field-label\" for=\"wpforms-19175-field_2\">Missatge<\/label><textarea id=\"wpforms-19175-field_2\" class=\"wpforms-field-medium\" name=\"wpforms[fields][2]\" aria-errormessage=\"wpforms-19175-field_2-error\" ><\/textarea><\/div><div id=\"wpforms-19175-field_4-container\" class=\"wpforms-field wpforms-field-checkbox\" data-field-id=\"4\"><fieldset><legend class=\"wpforms-field-label\"> <span class=\"wpforms-required-label\" aria-hidden=\"true\">*<\/span><\/legend><ul id=\"wpforms-19175-field_4\" class=\"wpforms-field-required\"><li class=\"choice-1 depth-1\"><input type=\"checkbox\" id=\"wpforms-19175-field_4_1\" name=\"wpforms[fields][4][]\" value=\"En fer clic al bot\u00f3 ENVIAR l&#039;usuari declara haver llegit &lt;a href=&quot;https:\/\/www.carmedeolazabal.cat\/ca\/avis-legal\/&quot;&gt;l&#039;AV\u00cdS LEGAL&lt;\/a&gt; i la &lt;a href=&quot;https:\/\/www.carmedeolazabal.cat\/ca\/politica-privacitat\/&quot;&gt;POL\u00cdTICA DE PRIVACITAT&lt;\/a&gt; d&#039;aquesta Web\" aria-errormessage=\"wpforms-19175-field_4_1-error\" required ><label class=\"wpforms-field-label-inline\" for=\"wpforms-19175-field_4_1\">En fer clic al bot\u00f3 ENVIAR l&#8217;usuari declara haver llegit <a href=\"https:\/\/www.carmedeolazabal.cat\/ca\/avis-legal\/\">l&#8217;AV\u00cdS LEGAL<\/a> i la <a href=\"https:\/\/www.carmedeolazabal.cat\/ca\/politica-privacitat\/\">POL\u00cdTICA DE PRIVACITAT<\/a> d&#8217;aquesta Web<\/label><\/li><\/ul><\/fieldset><\/div><\/div><!-- .wpforms-field-container --><div class=\"wpforms-recaptcha-container wpforms-is-recaptcha wpforms-is-recaptcha-type-v3\" ><input type=\"hidden\" name=\"wpforms[recaptcha]\" value=\"\"><\/div><div class=\"wpforms-submit-container\" ><input type=\"hidden\" name=\"wpforms[id]\" value=\"19175\"><input type=\"hidden\" name=\"page_title\" value=\"\"><input type=\"hidden\" name=\"page_url\" value=\"https:\/\/www.carmedeolazabal.cat\/ca\/wp-json\/wp\/v2\/pages\/14998\"><input type=\"hidden\" name=\"url_referer\" value=\"\"><button type=\"submit\" name=\"wpforms[submit]\" id=\"wpforms-submit-19175\" class=\"wpforms-submit\" data-alt-text=\"Enviant...\" data-submit-text=\"ENVIAR\" aria-live=\"assertive\" value=\"wpforms-submit\">ENVIAR<\/button><img loading=\"lazy\" decoding=\"async\" src=\"https:\/\/www.carmedeolazabal.cat\/wp-content\/plugins\/wpforms-lite\/assets\/images\/submit-spin.svg\" class=\"wpforms-submit-spinner\" style=\"display: none;\" width=\"26\" height=\"26\" alt=\"S&#039;est\u00e0 carregant\" title=\"\"><\/div><\/form><\/div>  <!-- .wpforms-container --><\/div>\n<\/div><\/div>\n","protected":false},"excerpt":{"rendered":"<p>Contacte Dades de contacte Si tens dubtes, suggeriments, etc. pots contactar amb mi a trav\u00e9s de les seg\u00fcents dades de contacte i estar\u00e9 encantada d&#8217;atendre&#8217;t [&hellip;]<\/p>\n","protected":false},"author":5,"featured_media":18616,"parent":0,"menu_order":0,"comment_status":"closed","ping_status":"closed","template":"","meta":{"_uag_custom_page_level_css":"","_joinchat":[],"footnotes":""},"class_list":["post-14998","page","type-page","status-publish","has-post-thumbnail","hentry"],"uagb_featured_image_src":{"full":["https:\/\/www.carmedeolazabal.cat\/wp-content\/uploads\/2024\/07\/contactar-carme-olazabal-fotografa-sant-cugat-jpg.avif",500,500,false],"thumbnail":["https:\/\/www.carmedeolazabal.cat\/wp-content\/uploads\/2024\/07\/contactar-carme-olazabal-fotografa-sant-cugat-150x150.avif",150,150,true],"medium":["https:\/\/www.carmedeolazabal.cat\/wp-content\/uploads\/2024\/07\/contactar-carme-olazabal-fotografa-sant-cugat-300x300.avif",300,300,true],"medium_large":["https:\/\/www.carmedeolazabal.cat\/wp-content\/uploads\/2024\/07\/contactar-carme-olazabal-fotografa-sant-cugat-jpg.avif",500,500,false],"large":["https:\/\/www.carmedeolazabal.cat\/wp-content\/uploads\/2024\/07\/contactar-carme-olazabal-fotografa-sant-cugat-jpg.avif",500,500,false],"1536x1536":["https:\/\/www.carmedeolazabal.cat\/wp-content\/uploads\/2024\/07\/contactar-carme-olazabal-fotografa-sant-cugat-jpg.avif",500,500,false],"2048x2048":["https:\/\/www.carmedeolazabal.cat\/wp-content\/uploads\/2024\/07\/contactar-carme-olazabal-fotografa-sant-cugat-jpg.avif",500,500,false],"ultp_layout_landscape_large":["https:\/\/www.carmedeolazabal.cat\/wp-content\/uploads\/2024\/07\/contactar-carme-olazabal-fotografa-sant-cugat-jpg.avif",500,500,false],"ultp_layout_landscape":["https:\/\/www.carmedeolazabal.cat\/wp-content\/uploads\/2024\/07\/contactar-carme-olazabal-fotografa-sant-cugat-jpg.avif",500,500,false],"ultp_layout_portrait":["https:\/\/www.carmedeolazabal.cat\/wp-content\/uploads\/2024\/07\/contactar-carme-olazabal-fotografa-sant-cugat-jpg.avif",500,500,false],"ultp_layout_square":["https:\/\/www.carmedeolazabal.cat\/wp-content\/uploads\/2024\/07\/contactar-carme-olazabal-fotografa-sant-cugat-jpg.avif",500,500,false],"authorship-box-avatar":["https:\/\/www.carmedeolazabal.cat\/wp-content\/uploads\/2024\/07\/contactar-carme-olazabal-fotografa-sant-cugat-150x150.avif",150,150,true],"authorship-box-related":["https:\/\/www.carmedeolazabal.cat\/wp-content\/uploads\/2024\/07\/contactar-carme-olazabal-fotografa-sant-cugat-70x70.avif",70,70,true],"post-thumbnail":["https:\/\/www.carmedeolazabal.cat\/wp-content\/uploads\/2024\/07\/contactar-carme-olazabal-fotografa-sant-cugat-jpg.avif",500,500,false],"getwid_base-cropped":["https:\/\/www.carmedeolazabal.cat\/wp-content\/uploads\/2024\/07\/contactar-carme-olazabal-fotografa-sant-cugat-jpg.avif",500,500,false],"getwid_base-large":["https:\/\/www.carmedeolazabal.cat\/wp-content\/uploads\/2024\/07\/contactar-carme-olazabal-fotografa-sant-cugat-jpg.avif",500,500,false]},"uagb_author_info":{"display_name":"Carme De Olazabal","author_link":"https:\/\/www.carmedeolazabal.cat\/ca\/author\/carme\/"},"uagb_comment_info":0,"uagb_excerpt":"Contacte Dades de contacte Si tens dubtes, suggeriments, etc. pots contactar amb mi a trav\u00e9s de les seg\u00fcents dades de contacte i estar\u00e9 encantada d&#8217;atendre&#8217;t [&hellip;]","rttpg_featured_image_url":{"full":["https:\/\/www.carmedeolazabal.cat\/wp-content\/uploads\/2024\/07\/contactar-carme-olazabal-fotografa-sant-cugat-jpg.avif",500,500,false],"landscape":["https:\/\/www.carmedeolazabal.cat\/wp-content\/uploads\/2024\/07\/contactar-carme-olazabal-fotografa-sant-cugat-jpg.avif",500,500,false],"portraits":["https:\/\/www.carmedeolazabal.cat\/wp-content\/uploads\/2024\/07\/contactar-carme-olazabal-fotografa-sant-cugat-jpg.avif",500,500,false],"thumbnail":["https:\/\/www.carmedeolazabal.cat\/wp-content\/uploads\/2024\/07\/contactar-carme-olazabal-fotografa-sant-cugat-150x150.avif",150,150,true],"medium":["https:\/\/www.carmedeolazabal.cat\/wp-content\/uploads\/2024\/07\/contactar-carme-olazabal-fotografa-sant-cugat-300x300.avif",300,300,true],"large":["https:\/\/www.carmedeolazabal.cat\/wp-content\/uploads\/2024\/07\/contactar-carme-olazabal-fotografa-sant-cugat-jpg.avif",500,500,false],"1536x1536":["https:\/\/www.carmedeolazabal.cat\/wp-content\/uploads\/2024\/07\/contactar-carme-olazabal-fotografa-sant-cugat-jpg.avif",500,500,false],"2048x2048":["https:\/\/www.carmedeolazabal.cat\/wp-content\/uploads\/2024\/07\/contactar-carme-olazabal-fotografa-sant-cugat-jpg.avif",500,500,false],"ultp_layout_landscape_large":["https:\/\/www.carmedeolazabal.cat\/wp-content\/uploads\/2024\/07\/contactar-carme-olazabal-fotografa-sant-cugat-jpg.avif",500,500,false],"ultp_layout_landscape":["https:\/\/www.carmedeolazabal.cat\/wp-content\/uploads\/2024\/07\/contactar-carme-olazabal-fotografa-sant-cugat-jpg.avif",500,500,false],"ultp_layout_portrait":["https:\/\/www.carmedeolazabal.cat\/wp-content\/uploads\/2024\/07\/contactar-carme-olazabal-fotografa-sant-cugat-jpg.avif",500,500,false],"ultp_layout_square":["https:\/\/www.carmedeolazabal.cat\/wp-content\/uploads\/2024\/07\/contactar-carme-olazabal-fotografa-sant-cugat-jpg.avif",500,500,false],"authorship-box-avatar":["https:\/\/www.carmedeolazabal.cat\/wp-content\/uploads\/2024\/07\/contactar-carme-olazabal-fotografa-sant-cugat-150x150.avif",150,150,true],"authorship-box-related":["https:\/\/www.carmedeolazabal.cat\/wp-content\/uploads\/2024\/07\/contactar-carme-olazabal-fotografa-sant-cugat-70x70.avif",70,70,true],"post-thumbnail":["https:\/\/www.carmedeolazabal.cat\/wp-content\/uploads\/2024\/07\/contactar-carme-olazabal-fotografa-sant-cugat-jpg.avif",500,500,false],"getwid_base-cropped":["https:\/\/www.carmedeolazabal.cat\/wp-content\/uploads\/2024\/07\/contactar-carme-olazabal-fotografa-sant-cugat-jpg.avif",500,500,false],"getwid_base-large":["https:\/\/www.carmedeolazabal.cat\/wp-content\/uploads\/2024\/07\/contactar-carme-olazabal-fotografa-sant-cugat-jpg.avif",500,500,false]},"rttpg_author":{"display_name":"Carme De Olazabal","author_link":"https:\/\/www.carmedeolazabal.cat\/ca\/author\/carme\/"},"rttpg_comment":0,"rttpg_category":" <a href=\"https:\/\/www.carmedeolazabal.cat\/ca\/?taxonomy=translation_priority&#038;term=opcional-ca\" rel=\"tag\">Opcional<\/a><a href=\"https:\/\/www.carmedeolazabal.cat\/ca\/?taxonomy=translation_priority&#038;term=optional\" rel=\"tag\">Optional<\/a>","rttpg_excerpt":"Contacte Dades de contacte Si tens dubtes, suggeriments, etc. pots contactar amb mi a trav\u00e9s de les seg\u00fcents dades de contacte i estar\u00e9 encantada d&#8217;atendre&#8217;t [&hellip;]","_links":{"self":[{"href":"https:\/\/www.carmedeolazabal.cat\/ca\/wp-json\/wp\/v2\/pages\/14998","targetHints":{"allow":["GET"]}}],"collection":[{"href":"https:\/\/www.carmedeolazabal.cat\/ca\/wp-json\/wp\/v2\/pages"}],"about":[{"href":"https:\/\/www.carmedeolazabal.cat\/ca\/wp-json\/wp\/v2\/types\/page"}],"author":[{"embeddable":true,"href":"https:\/\/www.carmedeolazabal.cat\/ca\/wp-json\/wp\/v2\/users\/5"}],"replies":[{"embeddable":true,"href":"https:\/\/www.carmedeolazabal.cat\/ca\/wp-json\/wp\/v2\/comments?post=14998"}],"version-history":[{"count":4,"href":"https:\/\/www.carmedeolazabal.cat\/ca\/wp-json\/wp\/v2\/pages\/14998\/revisions"}],"predecessor-version":[{"id":19229,"href":"https:\/\/www.carmedeolazabal.cat\/ca\/wp-json\/wp\/v2\/pages\/14998\/revisions\/19229"}],"wp:featuredmedia":[{"embeddable":true,"href":"https:\/\/www.carmedeolazabal.cat\/ca\/wp-json\/wp\/v2\/media\/18616"}],"wp:attachment":[{"href":"https:\/\/www.carmedeolazabal.cat\/ca\/wp-json\/wp\/v2\/media?parent=14998"}],"curies":[{"name":"wp","href":"https:\/\/api.w.org\/{rel}","templated":true}]}}