{"id":18605,"date":"2024-05-14T11:35:30","date_gmt":"2024-05-14T09:35:30","guid":{"rendered":"https:\/\/www.carmedeolazabal.cat\/aviso-legal\/"},"modified":"2024-08-08T08:55:25","modified_gmt":"2024-08-08T06:55:25","slug":"avis-legal","status":"publish","type":"page","link":"https:\/\/www.carmedeolazabal.cat\/ca\/avis-legal\/","title":{"rendered":"Avis legal"},"content":{"rendered":"\n<h1 class=\"wp-block-heading\">Av\u00eds legal<\/h1>\n\n\n\n<p>En compliment del que estableix l&#8217;art. 10 de la Llei 34\/2002, d&#8217;11 de juliol, de Serveis de la Societat de la Informaci\u00f3 i Comer\u00e7 Electr\u00f2nic (LSSI-CE), s&#8217;informa que aquest lloc web \u00e9s titularitat de<\/p>\n\n\n\n<p><strong>Ra\u00f3 social<\/strong>: Carmen De Olazabal Sans<br><strong>Direcci\u00f3<\/strong>: C \/ Doctor Murillo,11 A &#8211; 08172 Sant Cugat<br><strong>CIF<\/strong>: 53290327V<br><strong>Tel\u00e8fon<\/strong>: 649 295 823<br><strong>E-mail contacte:<\/strong>\u00a0info@carmedeolazabal.cat<\/p>\n\n\n\n<p>Per a la utilitzaci\u00f3 de la P\u00e0gina es requereix l&#8217;acceptaci\u00f3 expressa de l&#8217;usuari de totes i cadascuna de les cl\u00e0usules que s&#8217;indiquen al present Av\u00eds Legal, aix\u00ed com de cadascun dels advertiments o cl\u00e0usules espec\u00edfiques que s&#8217;estableixin per a la contractaci\u00f3 de determinats serveis , productes o \u00fas de zones de la P\u00e0gina.<\/p>\n\n\n\n<p>En cas de no acceptar les cl\u00e0usules establertes en aquest Av\u00eds Legal, l&#8217;usuari haur\u00e0 d&#8217;abstenir-se d&#8217;accedir i\/o utilitzar els serveis i\/o continguts posats a la seva disposici\u00f3 a la p\u00e0gina, procedint a abandonar-la.<\/p>\n\n\n\n<p><strong>\u00daS DE LA P\u00c0GINA<\/strong><\/p>\n\n\n\n<p>L&#8217;usuari s&#8217;obliga a no utilitzar la p\u00e0gina per fer activitats contr\u00e0ries a les lleis, a la moral, a l&#8217;ordre p\u00fablic i, en general, a fer-ne un \u00fas d&#8217;acord amb les condicions establertes en aquest Av\u00eds Legal. Aix\u00ed mateix, s&#8217;obliga a no fer activitats publicit\u00e0ries o d&#8217;explotaci\u00f3 comercial remetent missatges que utilitzin una identitat falsa.<\/p>\n\n\n\n<p>La Companyia podr\u00e0 interrompre el servei de la P\u00e0gina que estigui sent utilitzat per l&#8217;usuari i resoldre de manera immediata la relaci\u00f3 amb l&#8217;usuari si detecta un \u00fas de la P\u00e0gina o de qualsevol dels serveis que s&#8217;hi ofereixen que pugui considerar contrari a all\u00f2 expressat en el present Av\u00eds Legal<\/p>\n\n\n\n<p>La Companyia podr\u00e0 interrompre el servei de la P\u00e0gina que estigui sent utilitzat per l&#8217;usuari i resoldre de manera immediata la relaci\u00f3 amb l&#8217;usuari si detecta un \u00fas de la P\u00e0gina o de qualsevol dels serveis que s&#8217;hi ofereixen que pugui considerar contrari a all\u00f2 expressat en el present Av\u00eds Legal<\/p>\n\n\n\n<p><strong>PROPIETAT INTEL\u00b7LECTUAL I INDUSTRIAL<\/strong><\/p>\n\n\n\n<p>La totalitat d&#8217;aquesta P\u00e0gina: text, imatges, marques, gr\u00e0fics, logotips, botons, arxius de programari, combinacions de colors, aix\u00ed com l&#8217;estructura, la selecci\u00f3, l&#8217;ordenaci\u00f3 i la presentaci\u00f3 dels seus continguts, est\u00e0 protegida per les lleis sobre Propietat Intel\u00b7lectual i Industrial, i en queda prohibida la reproducci\u00f3, distribuci\u00f3, comunicaci\u00f3 p\u00fablica i transformaci\u00f3, excepte per a \u00fas personal i privat.<\/p>\n\n\n\n<p>La Companyia no garanteix que els continguts siguin necessaris o lliures derror o que el lliure \u00fas dels mateixos per lusuari no infringeixi els drets de terceres parts. El bon \u00fas o mal d&#8217;aquesta p\u00e0gina i dels seus continguts est\u00e0 sota la responsabilitat de l&#8217;usuari.<\/p>\n\n\n\n<p>Aix\u00ed mateix, queda prohibida la reproducci\u00f3, retransmissi\u00f3, c\u00f2pia, cessi\u00f3 o redifusi\u00f3, total o parcial, de la informaci\u00f3 continguda a la p\u00e0gina, sigui quina sigui la finalitat i el mitj\u00e0 utilitzat per a aix\u00f2, sense autoritzaci\u00f3 pr\u00e8via de la Companyia.<\/p>\n\n\n\n<p><strong>ENLLA\u00c7OS O LINKS<\/strong><\/p>\n\n\n\n<p>La p\u00e0gina pot incloure enlla\u00e7os o enlla\u00e7os a llocs de tercers. Les p\u00e0gines que pertanyen a tercers no han estat revisades ni s\u00f3n objecte de controls per part de la Companyia. En qualsevol cas, la Companyia no podr\u00e0 ser considerada responsable dels continguts d&#8217;aquests llocs web ni de les mesures que s&#8217;adoptin relatives a la seva privadesa o al tractament de les seves dades de car\u00e0cter personal.<\/p>\n\n\n\n<p>La Companyia recomana la lectura detinguda de les condicions d&#8217;\u00fas i la pol\u00edtica de privadesa d&#8217;aquests llocs.<\/p>\n\n\n\n<p>En cas d&#8217;estar interessat a activar un enlla\u00e7 a alguna de les p\u00e0gines de la Companyia ho haur\u00e0 de comunicar, obtenint el consentiment expr\u00e9s per crear l&#8217;enlla\u00e7. La Companyia es reserva el dret d&#8217;oposici\u00f3 a activar enlla\u00e7os amb el vostre lloc web.<\/p>\n\n\n\n<p><strong>MENORS D&#8217;EDAD<\/strong><\/p>\n\n\n\n<p>La Companyia recorda els usuaris majors d&#8217;edat, que tinguin a c\u00e0rrec seu menors, que ser\u00e0 de la seva responsabilitat exclusiva determinar quins serveis i\/o continguts s\u00f3n no apropiats per a l&#8217;edat d&#8217;aquests \u00faltims.<\/p>\n\n\n\n<p>La Companyia els informa que hi ha programes inform\u00e0tics que permeten filtrar i bloquejar l&#8217;acc\u00e9s a determinats continguts i serveis, de manera que els pares o tutors, per exemple, poden decidir quins s\u00f3n els continguts i serveis d&#8217;Internet als quals els menors poden tenir acc\u00e9s i quins no.<\/p>\n\n\n\n<p><strong>RESPONSABILITATS<\/strong><\/p>\n\n\n\n<p>La Companyia no ser\u00e0 responsable directament ni subsidi\u00e0riament de:<\/p>\n\n\n\n<p>La qualitat del servei, la velocitat dacc\u00e9s, el funcionament correcte ni la disponibilitat ni continu\u00eftat de funcionament de la P\u00e0gina.<\/p>\n\n\n\n<p>Els danys que puguin causar-se als equips de lusuari per la utilitzaci\u00f3 de la P\u00e0gina.<\/p>\n\n\n\n<p>Els casos en qu\u00e8 un tercer, trencant les mesures de seguretat establertes, accedeixi als missatges o els utilitzi per a la remissi\u00f3 de virus inform\u00e0tics.<\/p>\n\n\n\n<p>Els vicis i defectes de tota mena dels continguts transmesos, difosos, emmagatzemats o posats a disposici\u00f3.<\/p>\n\n\n\n<p>La licitud, fiabilitat i utilitat dels continguts que els usuaris transmetin amb la utilitzaci\u00f3 de la p\u00e0gina o dels serveis que s&#8217;ofereixen, aix\u00ed com tampoc la seva veracitat o exactitud. La Companyia no controla la utilitzaci\u00f3 que els usuaris fan de la P\u00e0gina, ni garanteix que ho facin conforme al que estableix aquest Av\u00eds Legal.<\/p>\n\n\n\n<p><strong>A t\u00edtol enunciatiu i amb car\u00e0cter no limitatiu, l&#8217;usuari ser\u00e0 responsable de:<\/strong><\/p>\n\n\n\n<p>Dels continguts introdu\u00efts per ells, especialment de les dades i informacions introdu\u00efts i enviats a la Companyia per mitj\u00e0 de la P\u00e0gina o a la P\u00e0gina.<\/p>\n\n\n\n<p>De la realitzaci\u00f3 de qualsevol tipus dactuaci\u00f3 il\u00b7l\u00edcita, lesiva de drets, nociva i\/o perjudicial.<\/p>\n\n\n\n<p>De la cust\u00f2dia del vostre nom d&#8217;usuari i password, no havent de comunicar-ho a terceres persones, amb vista a l&#8217;evitaci\u00f3 de suplantacions d&#8217;identitat o facilitaci\u00f3 de dades no veraces o incorrectes.<\/p>\n\n\n\n<p><strong>POL\u00cdTICA DE PRIVACITAT I PROTECCI\u00d3 DE DADES<\/strong><\/p>\n\n\n\n<p>Carmen D&#8217;Olazabal Sans (la Companyia) posa en coneixement dels usuaris de la p\u00e0gina www.carmedeolzabal.cat (la p\u00e0gina) la legislaci\u00f3 vigent en mat\u00e8ria de protecci\u00f3 de dades de car\u00e0cter personal, privadesa dels usuaris i el secret i seguretat dels dades personals.<\/p>\n\n\n\n<p>Per aix\u00f2 s&#8217;adopten les mesures d&#8217;\u00edndole t\u00e8cnica i organitzativa necess\u00e0ries per garantir la seguretat de les dades de car\u00e0cter personal contingudes en aquestes i per evitar-ne l&#8217;alteraci\u00f3, la p\u00e8rdua, el tractament o l&#8217;acc\u00e9s no autoritzat, tenint en compte l&#8217;estat de la tecnologia, la naturalesa de les dades i els riscos a qu\u00e8 estan exposats.<\/p>\n\n\n\n<p>Les dades personals facilitades seran incloses en els fitxers, manuals o automatitzats registrats a l&#8217;Ag\u00e8ncia Espanyola de Protecci\u00f3 de Dades, sota titularitat de la Companyia, que utilitzar\u00e0 per a la gesti\u00f3 adequada de la relaci\u00f3 contractual.<\/p>\n\n\n\n<p>Us informem que podeu exercitar els vostres drets d&#8217;acc\u00e9s, rectificaci\u00f3 i cancel\u00b7laci\u00f3 mitjan\u00e7ant comunicaci\u00f3 escrita dirigida al domicili de la Companyia ubicat al C\/ Doctor Murillo,11 A &#8211; 08172 Sant Cugat (Barcelona).<\/p>\n\n\n\n<p><strong>EXISTEIX UN LINK ESPEC\u00cdFIC SOBRE POL\u00cdTICA DE PRIVACITAT A LA NOSTRA WEB: POL\u00cdTICA DE PRIVACITAT.<\/strong><\/p>\n\n\n\n<p>L&#8217;usuari ser\u00e0 l&#8217;\u00fanic responsable de la veracitat de les dades facilitades a la companyia.<\/p>\n\n\n\n<p>La navegaci\u00f3 per la p\u00e0gina P\u00e0gina deixa com a rastre la direcci\u00f3 IP assignada pel seu prove\u00efdor d&#8217;acc\u00e9s, aquestes dades \u00fanicament seran utilitzades amb la finalitat d&#8217;elaborar dades estad\u00edstiques de la p\u00e0gina.<\/p>\n\n\n\n<p>La Companyia administra el seu entorn de servidors de forma adequada, tenint una infraestructura firewall d&#8217;estricte compliment. Utilitza cont\u00ednuament tecnologies actuals per assegurar-se que la confidencialitat i la privadesa de la informaci\u00f3 no est\u00e0 compromesa.<\/p>\n\n\n\n<p><strong>Inclusi\u00f3 Plug ins Xarxes Socials ( Facebook)<\/strong><\/p>\n\n\n\n<p>El nostre lloc web utilitza plug-ins de xarxes socials (\u00abplug-ins\u00bb) de la xarxa social facebook.com gestionada per Facebook Inc. situada el 1601 S. Calif\u00f2rnia Ave, Palo Alto, CA 94304, EUA ins s\u00f3n reconeixibles perqu\u00e8 tenen el logotip de Facebook o pel text Plug-in de la xarxa social Facebook.<\/p>\n\n\n\n<p>Quan l&#8217;usuari visiti una p\u00e0gina web del nostre lloc que contingui aquest bot\u00f3, el vostre navegador establir\u00e0 una connexi\u00f3 directa amb els servidors de Facebook. El contingut del connector es transmet directament des de Facebook al vostre navegador i des del navegador s&#8217;incorpora a la p\u00e0gina web. De manera que no tenim cap control sobre el tr\u00e0nsit de dades que Facebook, amb l&#8217;ajuda d&#8217;aquest plug-in, recopila i, segons ens consta, informem els usuaris de la plataforma de twago que:<\/p>\n\n\n\n<p>Amb la integraci\u00f3 del plug-in, Facebook t\u00e9 not\u00edcia que lusuari ha visitat una p\u00e0gina del nostre lloc web. Si l&#8217;usuari est\u00e0 autenticat com a membre de Facebook, Facebook pot associar la vostra visita al vostre compte de Facebook. Si interaccioneu amb els plug-ins, per exemple, feu clic al bot\u00f3 \u00abm&#8217;agrada\u00bb o si pugeu un comentari, la informaci\u00f3 corresponent del navegador de l&#8217;usuari ser\u00e0 transmesa directament a Facebook i s&#8217;emmagatzemar\u00e0. Si l&#8217;usuari no \u00e9s membre de Facebook, cal, per\u00f2, la possibilitat que Facebook detecti la seva adre\u00e7a IP i l&#8217;emmagatzemi.<\/p>\n\n\n\n<p>Per obtenir m\u00e9s informaci\u00f3 sobre la finalitat i l&#8217;abast de la recopilaci\u00f3 de dades i el posterior processament i utilitzaci\u00f3 que Facebook en fa, aix\u00ed com dels drets de l&#8217;usuari en aquest \u00e0mbit i les diferents configuracions per a la protecci\u00f3 de la privadesa dels usuaris , visiteu la p\u00e0gina de Facebook sobre la seva pol\u00edtica de privadesa http:\/\/www.facebook.com\/policy.php.<\/p>\n\n\n\n<p>Si l&#8217;usuari \u00e9s membre de Facebook i no desitja que Facebook recopili dades sobre ell a trav\u00e9s del nostre lloc web vinculant-los amb les dades que, com a membre de Facebook, aquesta empresa ja t\u00e9 emmagatzemades, haur\u00e0 de, abans de visitar la nostra p\u00e0gina, desautentificar-se de la compte de Facebook.<\/p>\n\n\n\n<p><strong>FUERO<\/strong><\/p>\n\n\n\n<p>Aquest Av\u00eds Legal es troba redactat en castell\u00e0, i est\u00e0 sotm\u00e8s a la legislaci\u00f3 espanyola vigent. Per a qualsevol tipus de controv\u00e8rsia derivada de la utilitzaci\u00f3 dels serveis oferts o dels continguts propis de la p\u00e0gina les parts, amb l&#8217;acceptaci\u00f3 del clausulat establert al present Av\u00eds Legal se sotmetran als Tribunals i Jutjats competents de Sant Cugat del Vall\u00e8s.<\/p>\n","protected":false},"excerpt":{"rendered":"<p>Av\u00eds legal En compliment del que estableix l&#8217;art. 10 de la Llei 34\/2002, d&#8217;11 de juliol, de Serveis de la Societat de la Informaci\u00f3 i [&hellip;]<\/p>\n","protected":false},"author":5,"featured_media":0,"parent":0,"menu_order":0,"comment_status":"closed","ping_status":"closed","template":"","meta":{"_uag_custom_page_level_css":"","_joinchat":[],"footnotes":""},"class_list":["post-18605","page","type-page","status-publish","hentry"],"uagb_featured_image_src":{"full":false,"thumbnail":false,"medium":false,"medium_large":false,"large":false,"1536x1536":false,"2048x2048":false,"ultp_layout_landscape_large":false,"ultp_layout_landscape":false,"ultp_layout_portrait":false,"ultp_layout_square":false,"authorship-box-avatar":false,"authorship-box-related":false,"post-thumbnail":false,"getwid_base-cropped":false,"getwid_base-large":false},"uagb_author_info":{"display_name":"Carme De Olazabal","author_link":"https:\/\/www.carmedeolazabal.cat\/ca\/author\/carme\/"},"uagb_comment_info":0,"uagb_excerpt":"Av\u00eds legal En compliment del que estableix l&#8217;art. 10 de la Llei 34\/2002, d&#8217;11 de juliol, de Serveis de la Societat de la Informaci\u00f3 i [&hellip;]","rttpg_featured_image_url":null,"rttpg_author":{"display_name":"Carme De Olazabal","author_link":"https:\/\/www.carmedeolazabal.cat\/ca\/author\/carme\/"},"rttpg_comment":0,"rttpg_category":" <a href=\"https:\/\/www.carmedeolazabal.cat\/ca\/?taxonomy=translation_priority&#038;term=opcional-ca\" rel=\"tag\">Opcional<\/a>","rttpg_excerpt":"Av\u00eds legal En compliment del que estableix l&#8217;art. 10 de la Llei 34\/2002, d&#8217;11 de juliol, de Serveis de la Societat de la Informaci\u00f3 i [&hellip;]","_links":{"self":[{"href":"https:\/\/www.carmedeolazabal.cat\/ca\/wp-json\/wp\/v2\/pages\/18605","targetHints":{"allow":["GET"]}}],"collection":[{"href":"https:\/\/www.carmedeolazabal.cat\/ca\/wp-json\/wp\/v2\/pages"}],"about":[{"href":"https:\/\/www.carmedeolazabal.cat\/ca\/wp-json\/wp\/v2\/types\/page"}],"author":[{"embeddable":true,"href":"https:\/\/www.carmedeolazabal.cat\/ca\/wp-json\/wp\/v2\/users\/5"}],"replies":[{"embeddable":true,"href":"https:\/\/www.carmedeolazabal.cat\/ca\/wp-json\/wp\/v2\/comments?post=18605"}],"version-history":[{"count":3,"href":"https:\/\/www.carmedeolazabal.cat\/ca\/wp-json\/wp\/v2\/pages\/18605\/revisions"}],"predecessor-version":[{"id":18610,"href":"https:\/\/www.carmedeolazabal.cat\/ca\/wp-json\/wp\/v2\/pages\/18605\/revisions\/18610"}],"wp:attachment":[{"href":"https:\/\/www.carmedeolazabal.cat\/ca\/wp-json\/wp\/v2\/media?parent=18605"}],"curies":[{"name":"wp","href":"https:\/\/api.w.org\/{rel}","templated":true}]}}