{"id":18626,"date":"2024-06-14T09:25:42","date_gmt":"2024-06-14T07:25:42","guid":{"rendered":"https:\/\/www.carmedeolazabal.cat\/regalar-sesion-fotos-barcelona\/"},"modified":"2024-08-07T13:50:12","modified_gmt":"2024-08-07T11:50:12","slug":"regalar-sessio-fotos-barcelona","status":"publish","type":"page","link":"https:\/\/www.carmedeolazabal.cat\/ca\/regalar-sessio-fotos-barcelona\/","title":{"rendered":"Foto regal"},"content":{"rendered":"\n<div class=\"wp-block-group alignfull\"><div class=\"wp-block-group__inner-container is-layout-constrained wp-block-group-is-layout-constrained\">\n<div class=\"wp-block-cover alignfull\" style=\"min-height:80vh;aspect-ratio:unset;\"><span aria-hidden=\"true\" class=\"wp-block-cover__background has-black-background-color has-background-dim-0 has-background-dim\"><\/span><img loading=\"lazy\" decoding=\"async\" width=\"1200\" height=\"800\" class=\"wp-block-cover__image-background wp-image-16561\" alt=\"\" src=\"https:\/\/www.carmedeolazabal.cat\/wp-content\/uploads\/2024\/06\/foto-regalo.webp\" data-object-fit=\"cover\" title=\"\" srcset=\"https:\/\/www.carmedeolazabal.cat\/wp-content\/uploads\/2024\/06\/foto-regalo.webp 1200w, https:\/\/www.carmedeolazabal.cat\/wp-content\/uploads\/2024\/06\/foto-regalo-300x200.webp 300w, https:\/\/www.carmedeolazabal.cat\/wp-content\/uploads\/2024\/06\/foto-regalo-1024x683.webp 1024w, https:\/\/www.carmedeolazabal.cat\/wp-content\/uploads\/2024\/06\/foto-regalo-768x512.webp 768w, https:\/\/www.carmedeolazabal.cat\/wp-content\/uploads\/2024\/06\/foto-regalo-938x625.webp 938w, https:\/\/www.carmedeolazabal.cat\/wp-content\/uploads\/2024\/06\/foto-regalo-1130x753.webp 1130w\" sizes=\"auto, (max-width: 1200px) 100vw, 1200px\" \/><div class=\"wp-block-cover__inner-container is-layout-flow wp-block-cover-is-layout-flow\">\n<div class=\"wp-block-group has-text-color has-link-color wp-elements-ba9b7828a1089f773d05cfb7befa5af8\" style=\"color:#ffffff\"><div class=\"wp-block-group__inner-container is-layout-constrained wp-block-group-is-layout-constrained\">\n<div class=\"wp-block-columns is-layout-flex wp-container-core-columns-is-layout-9d6595d7 wp-block-columns-is-layout-flex\">\n<div class=\"wp-block-column is-layout-flow wp-block-column-is-layout-flow\" style=\"flex-basis:100%\"><\/div>\n<\/div>\n<\/div><\/div>\n<\/div><\/div>\n\n\n\n<div class=\"wp-block-uagb-container uagb-block-3332d5a2 alignfull uagb-is-root-container\"><div class=\"uagb-container-inner-blocks-wrap\">\n<h1 class=\"wp-block-heading has-text-align-center\">Regala una sessi\u00f3 de fotos<\/h1>\n\n\n\n<p class=\"has-text-align-center\">Regalar una experi\u00e8ncia fotogr\u00e0fica \u00e9s regalar una sessi\u00f3 de fotos per compartir i gaudir tot sol, o b\u00e9 acompanyat, i com a resultat obtenir unes precioses imatges per a tota la vida.<\/p>\n\n\n\n<p class=\"has-text-align-center\">Estic segura que moltes vegades et trobes plantejant diferents opcions de regal especial per a alg\u00fa i acabes repetint o comprant alguna cosa que realment no et conven\u00e7. Una sessi\u00f3 de fotos sempre \u00e9s \u00fanica, un detall totalment personalitzat, amb el qual no et pots equivocar ni a la talla ni al color.<\/p>\n<\/div><\/div>\n\n\n\n<div class=\"wp-block-uagb-container uagb-block-f85f7bc1 alignfull uagb-is-root-container\">\n<div class=\"wp-block-uagb-container uagb-block-4a9519a0\">\n<div style=\"height:500px\" aria-hidden=\"true\" class=\"wp-block-spacer uag-hide-desktop\"><\/div>\n<\/div>\n\n\n\n<div class=\"wp-block-uagb-container uagb-block-56525542\">\n<h2 class=\"wp-block-heading\">Sant Cugat del Vall\u00e8s, Barcelona o on tu em diguis<\/h2>\n\n\n\n<p class=\"has-text-color has-link-color wp-elements-f95283a0411a8b78268aabea56515d60\" style=\"color:#ffffff\">Regala una sessi\u00f3 de fotos al meu estudi de Sant Cugat, a exteriors de tota Barcelona prov\u00edncia o on m\u00e9s t&#8217;agradi.<\/p>\n\n\n\n<p class=\"has-text-color has-link-color wp-elements-3cdeee87acb54e0a8928627ebe0267f7\" style=\"color:#ffffff\">Sempre hi ha moments importants a la vida que no poden faltar a l&#8217;\u00e0lbum de les persones que vols.<\/p>\n\n\n\n<p class=\"has-text-color has-link-color wp-elements-a99fe11c14c4a822b7ee0e32b4e7e560\" style=\"color:#ffffff\">Juntes trobarem el lloc m\u00e9s adequat i el tipus de reportatge que s&#8217;ajusti m\u00e9s al que tinguis pensat.<\/p>\n<\/div>\n<\/div>\n\n\n\n<div class=\"wp-block-uagb-container hide-tablet-desktop uagb-block-86f4b236 alignfull uagb-is-root-container\">\n<div class=\"wp-block-uagb-container uagb-block-455846f6\">\n<div style=\"height:500px\" aria-hidden=\"true\" class=\"wp-block-spacer uag-hide-desktop\"><\/div>\n<\/div>\n<\/div>\n\n\n\n<div class=\"wp-block-uagb-container cta uagb-layout-flex uagb-block-3aa59616 alignfull uagb-is-root-container\">\n<p class=\"has-text-align-center has-text-color has-link-color has-large-font-size wp-elements-6b23ffd68faa81394a2dac701e8873a3\" style=\"color:#ffffff\">Vols regalar una experi\u00e8ncia \u00fanica?<\/p>\n\n\n\n<div class=\"wp-block-buttons alignfull is-content-justification-center is-layout-flex wp-container-core-buttons-is-layout-16018d1d wp-block-buttons-is-layout-flex\">\n<div class=\"wp-block-button has-custom-width wp-block-button__width-50 button-cta\"><a class=\"wp-block-button__link wp-element-button\" href=\"https:\/\/wa.me\/649295823\" target=\"_blank\" rel=\"noopener\">Contacta&#8217;m<\/a><\/div>\n<\/div>\n<\/div>\n\n\n\n<div class=\"wp-block-uagb-container uagb-block-d7f01960 alignfull uagb-is-root-container\">\n<div class=\"wp-block-uagb-container uagb-block-904449c5\">\n<h2 class=\"wp-block-heading\">Regala una experi\u00e8ncia fotogr\u00e0fica per a tota la fam\u00edlia<\/h2>\n\n\n\n<p>Regalar o regalar-te una sessi\u00f3 de fotos per a tota la fam\u00edlia sempre ser\u00e0 una experi\u00e8ncia inoblidable.<\/p>\n\n\n\n<h3 class=\"wp-block-heading\">Embar\u00e0s<\/h3>\n\n\n\n<p>El primer moment \u00e9s a la sessi\u00f3 d&#8217;embar\u00e0s, \u00e9s una fant\u00e0stica manera de fer sentir la futura mami protagonista i capturar els seus sentiments en aquest moment tan especial per a ella i la seva parella.<\/p>\n\n\n\n<h3 class=\"wp-block-heading\">Beb\u00e8s i nens<\/h3>\n\n\n\n<p>Des dels nadons recent nascuts i durant els primers anys d&#8217;un nen, cada moment i cada expressi\u00f3 \u00e9s \u00fanica i un record inestimable.<\/p>\n\n\n\n<h3 class=\"wp-block-heading\">Aniversaris<\/h3>\n\n\n\n<p>\u00c9s un dels millors moments per regalar una sessi\u00f3 de fotografies personalitzada. Segur que ser\u00e0 un regal perfecte.<\/p>\n\n\n\n<h3 class=\"wp-block-heading\">Dia del pare i de la mare<\/h3>\n\n\n\n<p>\u00c9s un regal emotiu i significatiu per celebrar aquesta data del calendari tan especial.<\/p>\n<\/div>\n\n\n\n<div class=\"wp-block-uagb-container hide-mobile uagb-block-e24866bb\">\n<div style=\"height:500px\" aria-hidden=\"true\" class=\"wp-block-spacer uag-hide-desktop\"><\/div>\n<\/div>\n<\/div>\n\n\n\n<div class=\"wp-block-uagb-container uagb-block-415cc4d8 alignfull uagb-is-root-container\">\n<div class=\"wp-block-uagb-container uagb-block-2c534c94\">\n<div style=\"height:500px\" aria-hidden=\"true\" class=\"wp-block-spacer\"><\/div>\n<\/div>\n\n\n\n<div class=\"wp-block-uagb-container uagb-block-df68672b\">\n<h3 class=\"wp-block-heading\">Bodes<\/h3>\n\n\n\n<p class=\"has-text-color has-link-color wp-elements-2c227589a8e6d784ee49561964cfdcdd\" style=\"color:#ffffff\">Si heu de fer un regal a una parella que us ha convidat al vostre casament, segur que podeu preguntar-vos si un Reportatge us pot fer il\u00b7lusi\u00f3. Pots triar entre una sessi\u00f3 Preboda, Postboda o fins i tot el Reportatge del mateix dia de la celebraci\u00f3.<\/p>\n\n\n\n<h3 class=\"wp-block-heading\">Graduaci\u00f3<\/h3>\n\n\n\n<p class=\"has-text-color has-link-color wp-elements-c3d64f9b115d2250309b17a8c81d2af2\" style=\"color:#ffffff\">Fer un regal per premiar l&#8217;esfor\u00e7 i la dedicaci\u00f3 d&#8217;una manera especial \u00e9s una idea fant\u00e0stica amb la qual segur que sorprens. Qu\u00e8 et sembla?<\/p>\n\n\n\n<h3 class=\"wp-block-heading\">Avis i n\u00e9ts<\/h3>\n\n\n\n<p class=\"has-text-color has-link-color wp-elements-855caaaaa50c58fa571c56a4f9d01871\" style=\"color:#ffffff\">El regal estrella per als avis de la fam\u00edlia. Aquest \u00e9s el millor regal que pots fer a l&#8217;avi o l&#8217;\u00e0via de la fam\u00edlia. Qu\u00e8 et sembla si reuneixes tots els n\u00e9ts per compartir amb ells una sessi\u00f3 de fotos? Ser\u00e0 un moment de rialles i de compartir emocions junts. I si a m\u00e9s vols que hi participin tamb\u00e9 els fills i altres membres de la fam\u00edlia, nom\u00e9s cal que ho demanis. T&#8217;ho recomano.<\/p>\n\n\n\n<p class=\"has-text-color has-link-color wp-elements-b034d542e91eaa90a7437cd848b16a58\" style=\"color:#ffffff\">Cada un d&#8217;aquests moments ofereix una oportunitat per capturar emocions i experi\u00e8ncies que guardar\u00e0s per sempre.<\/p>\n<\/div>\n<\/div>\n\n\n\n<div class=\"wp-block-uagb-container cta uagb-layout-flex uagb-block-2155f30e alignfull uagb-is-root-container\">\n<p class=\"has-text-align-center has-text-color has-link-color has-large-font-size wp-elements-da68d636c617e88b0f9e56210aa82a25\" style=\"color:#ffffff\">Tens cap dubte? Contacta&#8217;m<\/p>\n\n\n\n<div class=\"wp-block-buttons alignfull is-content-justification-center is-layout-flex wp-container-core-buttons-is-layout-16018d1d wp-block-buttons-is-layout-flex\">\n<div class=\"wp-block-button has-custom-width wp-block-button__width-50 button-cta\"><a class=\"wp-block-button__link wp-element-button\" href=\"https:\/\/wa.me\/649295823\" target=\"_blank\" rel=\"noopener\">Tens dubtes?<\/a><\/div>\n<\/div>\n<\/div>\n\n\n\n<div class=\"wp-block-uagb-container uagb-block-15d5d8ba alignfull uagb-is-root-container\"><div class=\"uagb-container-inner-blocks-wrap\">\n<h2 class=\"wp-block-heading has-text-align-center\">Per qu\u00e8 un regal aix\u00ed?<\/h2>\n\n\n\n<ol class=\"wp-block-list\">\n<li>Capturo records \u00fanics i especials per sempre. Immortalitzo l&#8217;amor i la connexi\u00f3 familiar.<\/li>\n\n\n\n<li>Documento la hist\u00f2ria i els canvis familiars. Obtens un registre visual de com evolucionen els diferents membres de la fam\u00edlia.<\/li>\n\n\n\n<li>Fotos amb la millor qualitat i l\u2019\u201cull del fot\u00f2graf\u201d que capturar\u00e0 les millors expressions.<\/li>\n\n\n\n<li>Experi\u00e8ncia divertida i compartida.<\/li>\n\n\n\n<li>Decoraci\u00f3 per regalar i per a la llar. Gaudir\u00e0s de les millors imatges que pots distribuir per casa, donant un toc personal i c\u00e0lid als espais.<\/li>\n\n\n\n<li>Regal personalitzat i amb valor emocional.<\/li>\n\n\n\n<li>Her\u00e8ncia familiar. Aquest \u00e0lbum amb les teves millors fotografies familiars es convertir\u00e0 en una hist\u00f2ria viva que podran gaudir diverses generacions.<\/li>\n<\/ol>\n\n\n\n<p class=\"has-text-align-center\">Busca un motiu, (aniversari, Nadal, dia del pare o de la mare\u2026) per gaudir en fam\u00edlia d&#8217;una estona que espero que se us faci curta de reportatge, on l&#8217;objectiu principal ser\u00e0 passar temps de qualitat junts i recordar-ho sempre amb les millors fotografies.<\/p>\n<\/div><\/div>\n<\/div><\/div>\n","protected":false},"excerpt":{"rendered":"<p>Regala una sessi\u00f3 de fotos Regalar una experi\u00e8ncia fotogr\u00e0fica \u00e9s regalar una sessi\u00f3 de fotos per compartir i gaudir tot sol, o b\u00e9 acompanyat, i [&hellip;]<\/p>\n","protected":false},"author":5,"featured_media":18567,"parent":0,"menu_order":0,"comment_status":"closed","ping_status":"closed","template":"","meta":{"_uag_custom_page_level_css":"","_joinchat":[],"footnotes":""},"class_list":["post-18626","page","type-page","status-publish","has-post-thumbnail","hentry"],"uagb_featured_image_src":{"full":["https:\/\/www.carmedeolazabal.cat\/wp-content\/uploads\/2024\/07\/regalo-sesiones-fotos-sant-cugat.webp",500,500,false],"thumbnail":["https:\/\/www.carmedeolazabal.cat\/wp-content\/uploads\/2024\/07\/regalo-sesiones-fotos-sant-cugat-150x150.webp",150,150,true],"medium":["https:\/\/www.carmedeolazabal.cat\/wp-content\/uploads\/2024\/07\/regalo-sesiones-fotos-sant-cugat-300x300.webp",300,300,true],"medium_large":["https:\/\/www.carmedeolazabal.cat\/wp-content\/uploads\/2024\/07\/regalo-sesiones-fotos-sant-cugat.webp",500,500,false],"large":["https:\/\/www.carmedeolazabal.cat\/wp-content\/uploads\/2024\/07\/regalo-sesiones-fotos-sant-cugat.webp",500,500,false],"1536x1536":["https:\/\/www.carmedeolazabal.cat\/wp-content\/uploads\/2024\/07\/regalo-sesiones-fotos-sant-cugat.webp",500,500,false],"2048x2048":["https:\/\/www.carmedeolazabal.cat\/wp-content\/uploads\/2024\/07\/regalo-sesiones-fotos-sant-cugat.webp",500,500,false],"ultp_layout_landscape_large":["https:\/\/www.carmedeolazabal.cat\/wp-content\/uploads\/2024\/07\/regalo-sesiones-fotos-sant-cugat.webp",500,500,false],"ultp_layout_landscape":["https:\/\/www.carmedeolazabal.cat\/wp-content\/uploads\/2024\/07\/regalo-sesiones-fotos-sant-cugat.webp",500,500,false],"ultp_layout_portrait":["https:\/\/www.carmedeolazabal.cat\/wp-content\/uploads\/2024\/07\/regalo-sesiones-fotos-sant-cugat.webp",500,500,false],"ultp_layout_square":["https:\/\/www.carmedeolazabal.cat\/wp-content\/uploads\/2024\/07\/regalo-sesiones-fotos-sant-cugat.webp",500,500,false],"authorship-box-avatar":["https:\/\/www.carmedeolazabal.cat\/wp-content\/uploads\/2024\/07\/regalo-sesiones-fotos-sant-cugat-150x150.webp",150,150,true],"authorship-box-related":["https:\/\/www.carmedeolazabal.cat\/wp-content\/uploads\/2024\/07\/regalo-sesiones-fotos-sant-cugat-70x70.webp",70,70,true],"post-thumbnail":["https:\/\/www.carmedeolazabal.cat\/wp-content\/uploads\/2024\/07\/regalo-sesiones-fotos-sant-cugat.webp",500,500,false],"getwid_base-cropped":["https:\/\/www.carmedeolazabal.cat\/wp-content\/uploads\/2024\/07\/regalo-sesiones-fotos-sant-cugat.webp",500,500,false],"getwid_base-large":["https:\/\/www.carmedeolazabal.cat\/wp-content\/uploads\/2024\/07\/regalo-sesiones-fotos-sant-cugat.webp",500,500,false]},"uagb_author_info":{"display_name":"Carme De Olazabal","author_link":"https:\/\/www.carmedeolazabal.cat\/ca\/author\/carme\/"},"uagb_comment_info":0,"uagb_excerpt":"Regala una sessi\u00f3 de fotos Regalar una experi\u00e8ncia fotogr\u00e0fica \u00e9s regalar una sessi\u00f3 de fotos per compartir i gaudir tot sol, o b\u00e9 acompanyat, i [&hellip;]","rttpg_featured_image_url":{"full":["https:\/\/www.carmedeolazabal.cat\/wp-content\/uploads\/2024\/07\/regalo-sesiones-fotos-sant-cugat.webp",500,500,false],"landscape":["https:\/\/www.carmedeolazabal.cat\/wp-content\/uploads\/2024\/07\/regalo-sesiones-fotos-sant-cugat.webp",500,500,false],"portraits":["https:\/\/www.carmedeolazabal.cat\/wp-content\/uploads\/2024\/07\/regalo-sesiones-fotos-sant-cugat.webp",500,500,false],"thumbnail":["https:\/\/www.carmedeolazabal.cat\/wp-content\/uploads\/2024\/07\/regalo-sesiones-fotos-sant-cugat-150x150.webp",150,150,true],"medium":["https:\/\/www.carmedeolazabal.cat\/wp-content\/uploads\/2024\/07\/regalo-sesiones-fotos-sant-cugat-300x300.webp",300,300,true],"large":["https:\/\/www.carmedeolazabal.cat\/wp-content\/uploads\/2024\/07\/regalo-sesiones-fotos-sant-cugat.webp",500,500,false],"1536x1536":["https:\/\/www.carmedeolazabal.cat\/wp-content\/uploads\/2024\/07\/regalo-sesiones-fotos-sant-cugat.webp",500,500,false],"2048x2048":["https:\/\/www.carmedeolazabal.cat\/wp-content\/uploads\/2024\/07\/regalo-sesiones-fotos-sant-cugat.webp",500,500,false],"ultp_layout_landscape_large":["https:\/\/www.carmedeolazabal.cat\/wp-content\/uploads\/2024\/07\/regalo-sesiones-fotos-sant-cugat.webp",500,500,false],"ultp_layout_landscape":["https:\/\/www.carmedeolazabal.cat\/wp-content\/uploads\/2024\/07\/regalo-sesiones-fotos-sant-cugat.webp",500,500,false],"ultp_layout_portrait":["https:\/\/www.carmedeolazabal.cat\/wp-content\/uploads\/2024\/07\/regalo-sesiones-fotos-sant-cugat.webp",500,500,false],"ultp_layout_square":["https:\/\/www.carmedeolazabal.cat\/wp-content\/uploads\/2024\/07\/regalo-sesiones-fotos-sant-cugat.webp",500,500,false],"authorship-box-avatar":["https:\/\/www.carmedeolazabal.cat\/wp-content\/uploads\/2024\/07\/regalo-sesiones-fotos-sant-cugat-150x150.webp",150,150,true],"authorship-box-related":["https:\/\/www.carmedeolazabal.cat\/wp-content\/uploads\/2024\/07\/regalo-sesiones-fotos-sant-cugat-70x70.webp",70,70,true],"post-thumbnail":["https:\/\/www.carmedeolazabal.cat\/wp-content\/uploads\/2024\/07\/regalo-sesiones-fotos-sant-cugat.webp",500,500,false],"getwid_base-cropped":["https:\/\/www.carmedeolazabal.cat\/wp-content\/uploads\/2024\/07\/regalo-sesiones-fotos-sant-cugat.webp",500,500,false],"getwid_base-large":["https:\/\/www.carmedeolazabal.cat\/wp-content\/uploads\/2024\/07\/regalo-sesiones-fotos-sant-cugat.webp",500,500,false]},"rttpg_author":{"display_name":"Carme De Olazabal","author_link":"https:\/\/www.carmedeolazabal.cat\/ca\/author\/carme\/"},"rttpg_comment":0,"rttpg_category":" <a href=\"https:\/\/www.carmedeolazabal.cat\/ca\/?taxonomy=translation_priority&#038;term=opcional-ca\" rel=\"tag\">Opcional<\/a>","rttpg_excerpt":"Regala una sessi\u00f3 de fotos Regalar una experi\u00e8ncia fotogr\u00e0fica \u00e9s regalar una sessi\u00f3 de fotos per compartir i gaudir tot sol, o b\u00e9 acompanyat, i [&hellip;]","_links":{"self":[{"href":"https:\/\/www.carmedeolazabal.cat\/ca\/wp-json\/wp\/v2\/pages\/18626","targetHints":{"allow":["GET"]}}],"collection":[{"href":"https:\/\/www.carmedeolazabal.cat\/ca\/wp-json\/wp\/v2\/pages"}],"about":[{"href":"https:\/\/www.carmedeolazabal.cat\/ca\/wp-json\/wp\/v2\/types\/page"}],"author":[{"embeddable":true,"href":"https:\/\/www.carmedeolazabal.cat\/ca\/wp-json\/wp\/v2\/users\/5"}],"replies":[{"embeddable":true,"href":"https:\/\/www.carmedeolazabal.cat\/ca\/wp-json\/wp\/v2\/comments?post=18626"}],"version-history":[{"count":5,"href":"https:\/\/www.carmedeolazabal.cat\/ca\/wp-json\/wp\/v2\/pages\/18626\/revisions"}],"predecessor-version":[{"id":19260,"href":"https:\/\/www.carmedeolazabal.cat\/ca\/wp-json\/wp\/v2\/pages\/18626\/revisions\/19260"}],"wp:featuredmedia":[{"embeddable":true,"href":"https:\/\/www.carmedeolazabal.cat\/ca\/wp-json\/wp\/v2\/media\/18567"}],"wp:attachment":[{"href":"https:\/\/www.carmedeolazabal.cat\/ca\/wp-json\/wp\/v2\/media?parent=18626"}],"curies":[{"name":"wp","href":"https:\/\/api.w.org\/{rel}","templated":true}]}}