{"id":3,"date":"2024-03-26T10:25:59","date_gmt":"2024-03-26T10:25:59","guid":{"rendered":"https:\/\/www.carmedeolazabal.cat\/?page_id=3"},"modified":"2024-08-07T13:50:16","modified_gmt":"2024-08-07T11:50:16","slug":"politica-privacitat","status":"publish","type":"page","link":"https:\/\/www.carmedeolazabal.cat\/ca\/politica-privacitat\/","title":{"rendered":"Pol\u00edtica de privacitat"},"content":{"rendered":"\n<h1 class=\"wp-block-heading\"><strong>POL\u00cdTICA DE PRIVACITAT<\/strong><\/h1>\n\n\n\n<p>CARME DE OLAZABAL es compromet a realitzar els seus m\u00e0xims esfor\u00e7os per complir en tot moment en relaci\u00f3 amb els tractaments de dades que realitzi, amb la legislaci\u00f3 vigent a cada moment en mat\u00e8ria de protecci\u00f3 de dades, actualment el Reglament General de Protecci\u00f3 de Dades (UE) N\u00ba 679 \/2016.<\/p>\n\n\n\n<p>A continuaci\u00f3 CARME DE OLAZABAL informa els USUARIS sobre els termes i condicions en qu\u00e8 CARME DE OLAZABAL tractar\u00e0 les seves dades de car\u00e0cter personal<\/p>\n\n\n\n<h2 class=\"wp-block-heading\">RESPONSABLE DEL TRACTAMENT LES DADES<\/h2>\n\n\n\n<p>CARME DE OLAZABAL<br>NIF 53290327V<br>Direcci\u00f3n postal:&nbsp;C \/ Doctor Murillo,11 A \u2013 08172 Sant Cugat<br>Direcci\u00f3n electr\u00f3nica:&nbsp;info@carmedeolazabal.cat<a href=\"mailto:%3Cspan%20id=\"><br><\/a>Tel\u00e9fono:&nbsp;649 295 823<\/p>\n\n\n\n<h2 class=\"wp-block-heading\">TRACTAMENT LES DADES DELS USUARIS DEL&nbsp;FORMULARI CONTACTAR D&#8217;AQUESTA WEB<\/h2>\n\n\n\n<ol class=\"wp-block-list\">\n<li><strong>Finalitat del Tractament de les dades dels usuaris del formulari contactar:<\/strong><\/li>\n<\/ol>\n\n\n\n<ul class=\"wp-block-list\">\n<li>Gestionar i atendre les sol\u00b7licituds d&#8217;informaci\u00f3 i\/o consultes que els usuaris del formulari contactar de la web ens envi\u00efn.&nbsp;<\/li>\n\n\n\n<li>Gestionar l&#8217;enviament de la informaci\u00f3 que ens sol\u00b7licitin i, en els casos que sigui procedent, facilitar-los ofertes dels productes i\/o serveis de CARME DE OLAZABAL dels quals ens hagin manifestat el seu inter\u00e8s.<\/li>\n<\/ul>\n\n\n\n<p>CARME DE OLAZABAL&nbsp;no prendr\u00e0 decisions automatitzades en base al seu perfil.<\/p>\n\n\n\n<ol class=\"wp-block-list\" start=\"2\">\n<li><strong>Legitimaci\u00f3 per al tractament de les dades dels usuaris del formulari contactar: consentiment de l&#8217;interessat.<\/strong><\/li>\n<\/ol>\n\n\n\n<p>La base legal per al tractament de les dades dels usuaris del formulari contactar \u00e9s l&#8217;obtenci\u00f3 del vostre consentiment, que ens ser\u00e0 prestat en cas i en el moment d&#8217;emplenar i enviar-nos el formulari contactar emplenat.<\/p>\n\n\n\n<ol class=\"wp-block-list\" start=\"3\">\n<li><strong>Per\u00edode de conservaci\u00f3 de les dades dels usuaris del formulari contactar de la web:<\/strong><\/li>\n<\/ol>\n\n\n\n<p>Conservarem les dades dels usuaris del formulari contactar de la web, durant el termini de (completar per\u00edode raonable, no es poden guardar indefinidament si no hi ha cap relaci\u00f3 contractual) a partir de la darrera confirmaci\u00f3 d&#8217;inter\u00e8s per part seva sobre els nostres productes o serveis , mentre no ens sol\u00b7liciti la supressi\u00f3 de les seves dades.<\/p>\n\n\n\n<h2 class=\"wp-block-heading\">TRACTAMENT DE LES DADES DE CLIENTS I PROVE\u00cfDORS<\/h2>\n\n\n\n<ol class=\"wp-block-list\">\n<li><strong>Finalitat del Tractament de les dades de clients i prove\u00efdors<\/strong>: Gestionar la relaci\u00f3 comercial existent, dur a terme i\/o subcontractar els serveis que ens contractin els nostres clients i dur a terme les gestions comptables fiscals i administratives de l&#8217;empresa.<\/li>\n\n\n\n<li><strong>Legitimaci\u00f3 per al tractament<\/strong>: La base legal per al tractament de les dades de clients i prove\u00efdors \u00e9s l&#8217;exist\u00e8ncia i l&#8217;execuci\u00f3 de contractes de prestaci\u00f3 de serveis i\/o compravenda de mercaderies.<\/li>\n\n\n\n<li><strong>Per\u00edode de conservaci\u00f3 de les dades<\/strong>: Conservem les dades els prove\u00efdors mentre es duguin a terme accions i relacions comercials i durant els anys necessaris per complir les nostres obligacions legals i\/o fiscals derivades d&#8217;aquestes relacions contractuals.<\/li>\n<\/ol>\n\n\n\n<h2 class=\"wp-block-heading\">TRACTAMENT DE LES DADES DELS DESTINATARIS DE LA NEWSLETTER I COMUNICACIONS COMERCIALS DE CARME DE OLAZABAL&nbsp; &nbsp;<\/h2>\n\n\n\n<ol class=\"wp-block-list\">\n<li><strong>Finalitat del Tractament de les dades dels subscriptors a la Newsletter i comunicacions comercials:<\/strong><\/li>\n<\/ol>\n\n\n\n<p>Gestionar la subscripci\u00f3 i la tramesa de la Newsletter i comunicacions comercials de CARME DE OLAZABAL.<\/p>\n\n\n\n<ol class=\"wp-block-list\" start=\"2\">\n<li><strong>Legitimaci\u00f3 per al tractament de les dades dels destinataris de la Newsletter: Consentiment de l&#8217;interessat.<\/strong><\/li>\n<\/ol>\n\n\n\n<p>La base legal per al tractament de les dades dels destinataris de la Newsletter i comunicacions comercials \u00e9s l&#8217;obtenci\u00f3 del consentiment inequ\u00edvoc del destinatari de la newsletter \u2013 comunicacions comercials, mitjan\u00e7ant la subscripci\u00f3.<\/p>\n\n\n\n<p>D&#8217;altra banda, la base legal per al tractament i la remissi\u00f3 de les Newsletters que CARME DE OLAZABAL pugui realitzar amb destinaci\u00f3 als seus CLIENTS \u00e9s l&#8217;inter\u00e8s leg\u00edtim del Sr. de ser donats de baixa, enviant un e-mail a info@carmedeolazabal.cat.<\/p>\n\n\n\n<ol class=\"wp-block-list\" start=\"3\">\n<li><strong>Per\u00edode de conservaci\u00f3 de les dades dels destinataris de la Newsletter i comunicacions comercials:<\/strong><\/li>\n<\/ol>\n\n\n\n<p>CARME DE OLAZABAL conservar\u00e0 les dades personals dels destinataris de la newsletter i comunicacions comercials de CARME DE OLAZABAL necess\u00e0ries per a la tramesa de la newsletter i altres comunicacions comercials per termini indefinit, llevat que ens sol\u00b7licitin la baixa servei de recepci\u00f3 de Newsletters i altres comunicacions comercials per escrit a info@carmedeolazabal.cat amb c\u00f2pia del seu DNI.<\/p>\n\n\n\n<h2 class=\"wp-block-heading\">TRACTAMENT DE LES DADES DE LES AMISTATS A XARXES SOCIALS<\/h2>\n\n\n\n<p>CARME DE OLAZABAL \u00e9s present a les xarxes socials seg\u00fcents: Facebook, Linkedin, Twitter i Youtube.<\/p>\n\n\n\n<p>La finalitat per al tractament de les dades de les amistats en xarxes socials \u00e9s la d&#8217;informar les amistats sobre els serveis que CARME DE OLAZABAL ofereix a la clientela, per tal de captar nous clients i fidelitzar els existents.<\/p>\n\n\n\n<p>La legitimaci\u00f3 per al tractament de les dades de les amistats a les xarxes socials \u00e9s el consentiment d&#8217;aquestes amistats, quan decideixen seguir o deixar de seguir CARME DE OLAZABAL.<\/p>\n\n\n\n<h2 class=\"wp-block-heading\">TRACTAMENT DE LES DADES DELS SOL\u00b7LICITANTS D&#8217;OCUPACI\u00d3&nbsp;CANDIDATS EN PROCESSOS DE SELECCI\u00d3 D&#8217;OCUPACI\u00d3<\/h2>\n\n\n\n<ol class=\"wp-block-list\">\n<li><strong>Finalitat del Tractament de les dades dels sol\u00b7licitants d&#8217;ocupaci\u00f3-candidats:<\/strong><\/li>\n<\/ol>\n\n\n\n<p>CARME DE OLAZABAL tractar\u00e0 les dades dels sol\u00b7licitants d&#8217;ocupaci\u00f3 amb la finalitat d&#8217;incorporar i gestionar les seves dades a la nostra base de dades de candidats per poder contactar-vos quan el vostre perfil encaixi amb alguna vacant en els processos de selecci\u00f3 de personal que CARME DE OLAZABAL realitzi.<\/p>\n\n\n\n<ol class=\"wp-block-list\">\n<li>CARME DE OLAZABAL no prendr\u00e0 decisions automatitzades sobre la base del seu perfil.<\/li>\n\n\n\n<li><strong>Legitimaci\u00f3 per al tractament de les dades dels sol\u00b7licitants d&#8217;ocupaci\u00f3-candidats: Consentiment de l&#8217;interessat<\/strong><\/li>\n<\/ol>\n\n\n\n<p>La base legal per al tractament de les dades dels sol\u00b7licitants d&#8217;ocupaci\u00f3-candidats en processos de selecci\u00f3 d&#8217;ocupaci\u00f3 \u00e9s l&#8217;obtenci\u00f3 del seu consentiment, mitjan\u00e7ant acci\u00f3 positiva, a l&#8217;hora de fer-nos arribar el curr\u00edculum per qualsevol mitj\u00e0.<\/p>\n\n\n\n<ol class=\"wp-block-list\" start=\"3\">\n<li>Per\u00edode de conservaci\u00f3 de les dades dels sol\u00b7licitants d&#8217;ocupaci\u00f3-candidats:<\/li>\n<\/ol>\n\n\n\n<p>CARME DE OLAZABAL conservar\u00e0 les vostres dades durant 5 anys.<\/p>\n\n\n\n<p>PER\u00cdODE GENERAL DE CONSERVACI\u00d3 DE LES DADES<\/p>\n\n\n\n<p>En general, CARME DE OLAZABAL conservar\u00e0 les seves dades personals que ens hagi proporcionat, mentre no ens sol\u00b7liciti la seva supressi\u00f3, excepte indicaci\u00f3 expressa en un altre sentit en els anteriors apartats.<\/p>\n\n\n\n<p>DESTINATARIS ALS QUALS COMUNICAREM LES SEVES DADES<\/p>\n\n\n\n<p>En general els destinataris de les vostres dades seran el personal i la direcci\u00f3 de la companyia.<\/p>\n\n\n\n<p>Tamb\u00e9 podrien tenir acc\u00e9s a les seves dades les empreses que presten serveis a CARME DE OLAZABAL que requereixen l&#8217;acc\u00e9s a dades personals, que nom\u00e9s accediran a les seves dades en qualitat d&#8217;encarregats del tractament amb la finalitat de prestar els serveis que CARME DE OLAZABAL els tingui contractats.<\/p>\n\n\n\n<p>Les vostres dades no se cediran a tercers, excepte quan hi hagi una obligaci\u00f3 legal.<\/p>\n\n\n\n<p>DRETS QUE L&#8217;ASSISTEIXEN<\/p>\n\n\n\n<p>Finalment, us informem que, si ho desitgeu, podeu exercir els drets que el RGPD 679\/2016 reconeix a les persones interessades a accedir a les vostres dades, a sol\u00b7licitar la rectificaci\u00f3 de les dades inexactes, a oposar-vos al tractament de les vostres dades en determinades circumst\u00e0ncies , a cancel\u00b7lar el tractament de les vostres dades en determinades circumst\u00e0ncies, a sol\u00b7licitar la supressi\u00f3 de les vostres dades quan, entre altres motius, les dades ja no siguin necess\u00e0ries per a la finalitat per a la qual es van recollir, a l&#8217;oblit, a la limitaci\u00f3 del tractament i a la portabilitat de les dades, dirigint-se per escrit a:&nbsp;info@carmedeolazabal.cat&nbsp;amb c\u00f2pia del seu DNI.<\/p>\n","protected":false},"excerpt":{"rendered":"<p>POL\u00cdTICA DE PRIVACITAT CARME DE OLAZABAL es compromet a realitzar els seus m\u00e0xims esfor\u00e7os per complir en tot moment en relaci\u00f3 amb els tractaments de [&hellip;]<\/p>\n","protected":false},"author":5,"featured_media":0,"parent":0,"menu_order":0,"comment_status":"closed","ping_status":"closed","template":"","meta":{"_uag_custom_page_level_css":"","_joinchat":[],"footnotes":""},"class_list":["post-3","page","type-page","status-publish","hentry"],"uagb_featured_image_src":{"full":false,"thumbnail":false,"medium":false,"medium_large":false,"large":false,"1536x1536":false,"2048x2048":false,"ultp_layout_landscape_large":false,"ultp_layout_landscape":false,"ultp_layout_portrait":false,"ultp_layout_square":false,"authorship-box-avatar":false,"authorship-box-related":false,"post-thumbnail":false,"getwid_base-cropped":false,"getwid_base-large":false},"uagb_author_info":{"display_name":"Carme De Olazabal","author_link":"https:\/\/www.carmedeolazabal.cat\/ca\/author\/carme\/"},"uagb_comment_info":0,"uagb_excerpt":"POL\u00cdTICA DE PRIVACITAT CARME DE OLAZABAL es compromet a realitzar els seus m\u00e0xims esfor\u00e7os per complir en tot moment en relaci\u00f3 amb els tractaments de [&hellip;]","rttpg_featured_image_url":null,"rttpg_author":{"display_name":"Carme De Olazabal","author_link":"https:\/\/www.carmedeolazabal.cat\/ca\/author\/carme\/"},"rttpg_comment":0,"rttpg_category":" <a href=\"https:\/\/www.carmedeolazabal.cat\/ca\/?taxonomy=translation_priority&#038;term=optional\" rel=\"tag\">Optional<\/a>","rttpg_excerpt":"POL\u00cdTICA DE PRIVACITAT CARME DE OLAZABAL es compromet a realitzar els seus m\u00e0xims esfor\u00e7os per complir en tot moment en relaci\u00f3 amb els tractaments de [&hellip;]","_links":{"self":[{"href":"https:\/\/www.carmedeolazabal.cat\/ca\/wp-json\/wp\/v2\/pages\/3","targetHints":{"allow":["GET"]}}],"collection":[{"href":"https:\/\/www.carmedeolazabal.cat\/ca\/wp-json\/wp\/v2\/pages"}],"about":[{"href":"https:\/\/www.carmedeolazabal.cat\/ca\/wp-json\/wp\/v2\/types\/page"}],"author":[{"embeddable":true,"href":"https:\/\/www.carmedeolazabal.cat\/ca\/wp-json\/wp\/v2\/users\/5"}],"replies":[{"embeddable":true,"href":"https:\/\/www.carmedeolazabal.cat\/ca\/wp-json\/wp\/v2\/comments?post=3"}],"version-history":[{"count":8,"href":"https:\/\/www.carmedeolazabal.cat\/ca\/wp-json\/wp\/v2\/pages\/3\/revisions"}],"predecessor-version":[{"id":848,"href":"https:\/\/www.carmedeolazabal.cat\/ca\/wp-json\/wp\/v2\/pages\/3\/revisions\/848"}],"wp:attachment":[{"href":"https:\/\/www.carmedeolazabal.cat\/ca\/wp-json\/wp\/v2\/media?parent=3"}],"curies":[{"name":"wp","href":"https:\/\/api.w.org\/{rel}","templated":true}]}}