{"id":18250,"date":"2024-07-04T10:56:53","date_gmt":"2024-07-04T08:56:53","guid":{"rendered":"https:\/\/www.carmedeolazabal.cat\/?page_id=18250"},"modified":"2024-08-07T13:47:43","modified_gmt":"2024-08-07T11:47:43","slug":"quien-soy","status":"publish","type":"page","link":"https:\/\/www.carmedeolazabal.cat\/es\/quien-soy\/","title":{"rendered":"Qui\u00e9n soy"},"content":{"rendered":"\n<div class=\"wp-block-group alignfull\"><div class=\"wp-block-group__inner-container is-layout-constrained wp-block-group-is-layout-constrained\">\n<div class=\"wp-block-cover alignfull is-light\" style=\"min-height:80vh;aspect-ratio:unset;\"><span aria-hidden=\"true\" class=\"wp-block-cover__background has-black-background-color has-background-dim-0 has-background-dim\"><\/span><img loading=\"lazy\" decoding=\"async\" width=\"1000\" height=\"668\" class=\"wp-block-cover__image-background wp-image-18260\" alt=\"carme de olazabal sant cugat\" src=\"https:\/\/www.carmedeolazabal.cat\/wp-content\/uploads\/2024\/07\/carme-de-olazabal-sant-cugat.webp\" style=\"object-position:52% 14%\" data-object-fit=\"cover\" data-object-position=\"52% 14%\" title=\"\" srcset=\"https:\/\/www.carmedeolazabal.cat\/wp-content\/uploads\/2024\/07\/carme-de-olazabal-sant-cugat.webp 1000w, https:\/\/www.carmedeolazabal.cat\/wp-content\/uploads\/2024\/07\/carme-de-olazabal-sant-cugat-300x200.webp 300w, https:\/\/www.carmedeolazabal.cat\/wp-content\/uploads\/2024\/07\/carme-de-olazabal-sant-cugat-768x513.webp 768w, https:\/\/www.carmedeolazabal.cat\/wp-content\/uploads\/2024\/07\/carme-de-olazabal-sant-cugat-938x627.webp 938w\" sizes=\"auto, (max-width: 1000px) 100vw, 1000px\" \/><div class=\"wp-block-cover__inner-container is-layout-flow wp-block-cover-is-layout-flow\">\n<div class=\"wp-block-group has-text-color has-link-color wp-elements-ba9b7828a1089f773d05cfb7befa5af8\" style=\"color:#ffffff\"><div class=\"wp-block-group__inner-container is-layout-constrained wp-block-group-is-layout-constrained\">\n<div class=\"wp-block-columns is-layout-flex wp-container-core-columns-is-layout-9d6595d7 wp-block-columns-is-layout-flex\">\n<div class=\"wp-block-column is-layout-flow wp-block-column-is-layout-flow\" style=\"flex-basis:100%\"><\/div>\n<\/div>\n<\/div><\/div>\n<\/div><\/div>\n\n\n\n<div class=\"wp-block-uagb-container uagb-block-3332d5a2 alignfull uagb-is-root-container\"><div class=\"uagb-container-inner-blocks-wrap\">\n<h1 class=\"wp-block-heading has-text-align-center\">Qui\u00e9n soy<\/h1>\n\n\n\n<p class=\"has-text-align-center\">Soy Carme de Olazabal, fot\u00f3grafa profesional enamorada de mi trabajo y madre de dos ni\u00f1as.<\/p>\n<\/div><\/div>\n\n\n\n<div class=\"wp-block-uagb-container uagb-block-f85f7bc1 alignfull uagb-is-root-container\">\n<div class=\"wp-block-uagb-container uagb-block-4a9519a0\">\n<div style=\"height:500px\" aria-hidden=\"true\" class=\"wp-block-spacer uag-hide-desktop\"><\/div>\n<\/div>\n\n\n\n<div class=\"wp-block-uagb-container uagb-block-56525542\">\n<p class=\"has-text-color has-link-color wp-elements-fac52586248e17997aabb5cf14f71d6e\" style=\"color:#ffffff\">El Estilo que me define es la fotograf\u00eda con mucha Vida, con mucha Luz, Natural y al mismo tiempo cuidando los Detalles.<\/p>\n\n\n\n<p class=\"has-text-color has-link-color wp-elements-3ac51cf37f956d039606c3434e244df7\" style=\"color:#ffffff\">Me encanta lo que hago y preparo cada sesi\u00f3n con mucho mimo y controlando todos los detalles, sobretodo el estilismo y la iluminaci\u00f3n. Tambi\u00e9n trabajo personalmente el retoque de cadauna de vuestras im\u00e1genes para conseguir lo mejor de cadauna. Con todo este trabajo os entregar\u00e9 las mejores im\u00e1genes posibles de vuestra sesi\u00f3n.<\/p>\n<\/div>\n<\/div>\n\n\n\n<div class=\"wp-block-uagb-container uagb-block-e20ad326 alignfull uagb-is-root-container\"><div class=\"uagb-container-inner-blocks-wrap\">\n<h2 class=\"wp-block-heading has-text-align-center\">Opiniones<\/h2>\n\n\n<div id=\"google-business-reviews-rating\" class=\"google-business-reviews-rating gmbrr tile columns three fill fonts carousel\" data-view=\"3\" data-loop=\"4\" data-interval=\"7\">\r\n<ul class=\"listing\">\r\n\t\t<li class=\"rating-5 visible no-date text-first\" data-index=\"0\">\r\n\t\t\t<div class=\"text text-excerpt\"><span class=\"review-snippet\">Sin ninguna duda una gran profesional, a sabido plasmar la idea que quer\u00eda para<\/span> <span class=\"review-more-placeholder\">\u2026 More<\/span><span class=\"review-full-text\"> mi perfil profesional, y a parte del trato agradable que hizo la sesi\u00f3n muy entretenida y din\u00e1mica, la rapidez en la entrega y posterior selecci\u00f3n ha sido muy diligente. Recomendable al 100% me ha faltado tiempo para utilizarlas en mis diferentes perfiles.<br>\n\t\t\t\tMuchas gracias Carmen<\/span><\/div>\r\n\t\t\t<span class=\"author-avatar\"><a href=\"https:\/\/www.google.com\/maps\/contrib\/104320972753440002314\/reviews\" target=\"_blank\" rel=\"nofollow noopener\"><img decoding=\"async\" src=\"https:\/\/lh3.googleusercontent.com\/a-\/ALV-UjVs6VgQu7oieGO29mOqYQMKhmbmTDVVS6NUkrg42JYZJ53N38Y=s128-c0x00000000-cc-rp-mo\" alt=\"Avatar\" title=\"\"><\/a><\/span>\r\n\t\t\t<span class=\"review-meta\">\r\n\t\t\t\t<span class=\"author-name\"><a href=\"https:\/\/www.google.com\/maps\/contrib\/104320972753440002314\/reviews\" target=\"_blank\" rel=\"nofollow noopener\">Jose F B<\/a><\/span>\r\n\t\t\t\t<span class=\"rating\">\u2605\u2605\u2605\u2605\u2605<\/span>\r\n\t\t\t<\/span>\r\n\t\t<\/li>\r\n\t\t<li class=\"rating-5 visible no-date text-first\" data-index=\"1\">\r\n\t\t\t<div class=\"text text-excerpt\"><span class=\"review-snippet\">Gracias Carmen por hacer que una experiencia que nos daba un poco de apuro se<\/span> <span class=\"review-more-placeholder\">\u2026 More<\/span><span class=\"review-full-text\"> haya convertido en un recuerdo inolvidable! Gran profesional, consigui\u00f3 que hasta la peque\u00f1a quisiera posar para las fotos! Tiene mucha mano con los ni\u00f1os y es muy cuidadosa con los detalles. Sin duda, seguro que repetiremos \ud83d\ude42<\/span><\/div>\r\n\t\t\t<span class=\"author-avatar\"><a href=\"https:\/\/www.google.com\/maps\/contrib\/117158638095260320749\/reviews\" target=\"_blank\" rel=\"nofollow noopener\"><img decoding=\"async\" src=\"https:\/\/lh3.googleusercontent.com\/a-\/ALV-UjUa12e1n-VM8K46XloUbtkPzPf4Qby37bUKmVnbyl7eLPoxs-4=s128-c0x00000000-cc-rp-mo\" alt=\"Avatar\" title=\"\"><\/a><\/span>\r\n\t\t\t<span class=\"review-meta\">\r\n\t\t\t\t<span class=\"author-name\"><a href=\"https:\/\/www.google.com\/maps\/contrib\/117158638095260320749\/reviews\" target=\"_blank\" rel=\"nofollow noopener\">Blanca Corcoy De F<\/a><\/span>\r\n\t\t\t\t<span class=\"rating\">\u2605\u2605\u2605\u2605\u2605<\/span>\r\n\t\t\t<\/span>\r\n\t\t<\/li>\r\n\t\t<li class=\"rating-5 visible no-date text-first\" data-index=\"2\">\r\n\t\t\t<div class=\"text text-excerpt\"><span class=\"review-snippet\">Carme nos ha hecho nuestra primera sesi\u00f3n fotogr\u00e1fica en fam\u00edlia para estas<\/span> <span class=\"review-more-placeholder\">\u2026 More<\/span><span class=\"review-full-text\"> Navidades. Ha sido muy profesional y nos ha guiado de maravilla a todos, sobre todo a las dos peques, ha mostrado con ellas mucho cari\u00f1o y paciencia. Las fotos a cual m\u00e1s preciosa, el mejor regalo de Navidad que cualquiera podr\u00eda desear. Os la recomendamos totalmente. Muchas gracias, Carme!!!<\/span><\/div>\r\n\t\t\t<span class=\"author-avatar\"><a href=\"https:\/\/www.google.com\/maps\/contrib\/118206452582847929164\/reviews\" target=\"_blank\" rel=\"nofollow noopener\"><img decoding=\"async\" src=\"https:\/\/lh3.googleusercontent.com\/a-\/ALV-UjV4X2JtELkzGrIGOCisiUyhonSFbMVOnlTomOf35P7Obp1Av3Pq=s128-c0x00000000-cc-rp-mo\" alt=\"Avatar\" title=\"\"><\/a><\/span>\r\n\t\t\t<span class=\"review-meta\">\r\n\t\t\t\t<span class=\"author-name\"><a href=\"https:\/\/www.google.com\/maps\/contrib\/118206452582847929164\/reviews\" target=\"_blank\" rel=\"nofollow noopener\">Ana Clara R<\/a><\/span>\r\n\t\t\t\t<span class=\"rating\">\u2605\u2605\u2605\u2605\u2605<\/span>\r\n\t\t\t<\/span>\r\n\t\t<\/li>\r\n\t\t<li class=\"rating-5 hidden no-date text-first\" data-index=\"3\">\r\n\t\t\t<div class=\"text text-excerpt\"><span class=\"review-snippet\">Una gran profesional que hacen que las sesiones de fotos sean din\u00e1micas y f\u00e1ciles.<\/span> <span class=\"review-more-placeholder\">\u2026 More<\/span><span class=\"review-full-text\"><br>\n\t\t\t\tMe hice mi sesi\u00f3n de embarazada con ella y sin duda la recomiendo 100%.<br>\n\t\t\t\tGracias Carme por hacerlo tan bonito.<\/span><\/div>\r\n\t\t\t<span class=\"author-avatar\"><a href=\"https:\/\/www.google.com\/maps\/contrib\/117653320175581867705\/reviews\" target=\"_blank\" rel=\"nofollow noopener\"><img decoding=\"async\" src=\"https:\/\/lh3.googleusercontent.com\/a\/ACg8ocLZMycAbU1scIMhaFxN_tpCjWww_qy2_V8nVW3uoIU-m2xjIw=s128-c0x00000000-cc-rp-mo\" alt=\"Avatar\" title=\"\"><\/a><\/span>\r\n\t\t\t<span class=\"review-meta\">\r\n\t\t\t\t<span class=\"author-name\"><a href=\"https:\/\/www.google.com\/maps\/contrib\/117653320175581867705\/reviews\" target=\"_blank\" rel=\"nofollow noopener\">Irene U<\/a><\/span>\r\n\t\t\t\t<span class=\"rating\">\u2605\u2605\u2605\u2605\u2605<\/span>\r\n\t\t\t<\/span>\r\n\t\t<\/li>\r\n\t\t<li class=\"rating-5 hidden no-date text-first\" data-index=\"4\">\r\n\t\t\t<div class=\"text text-excerpt\"><span class=\"review-snippet\">Conoc\u00ed a Carme a trav\u00e9s de un concurso que puso en Instagram. Ganamos una sesi\u00f3n<\/span> <span class=\"review-more-placeholder\">\u2026 More<\/span><span class=\"review-full-text\"> de fotos para nuestro beb\u00e9. Carme no es s\u00f3lo una gran fot\u00f3grafa, cuida los detalles y sobre todo, da a los peque\u00f1os el tiempo que necesiten para sentirse c\u00f3modos y sacar su mejor versi\u00f3n.<br>\n\t\t\t\tEs un placer verla trabajar con tanto mimo y dedicaci\u00f3n. Sin duda le encanta su trabajo, y eso se refleja en su trato y en el resultado de sus sesiones.<\/span><\/div>\r\n\t\t\t<span class=\"author-avatar\"><a href=\"https:\/\/www.google.com\/maps\/contrib\/113179552001191643664\/reviews\" target=\"_blank\" rel=\"nofollow noopener\"><img decoding=\"async\" src=\"https:\/\/lh3.googleusercontent.com\/a\/ACg8ocItpBUs89OVHvqO83eSrD8Ue-WQYX9--Du3VG2JMz-eCuU0Ag=s128-c0x00000000-cc-rp-mo\" alt=\"Avatar\" title=\"\"><\/a><\/span>\r\n\t\t\t<span class=\"review-meta\">\r\n\t\t\t\t<span class=\"author-name\"><a href=\"https:\/\/www.google.com\/maps\/contrib\/113179552001191643664\/reviews\" target=\"_blank\" rel=\"nofollow noopener\">Lorena R<\/a><\/span>\r\n\t\t\t\t<span class=\"rating\">\u2605\u2605\u2605\u2605\u2605<\/span>\r\n\t\t\t<\/span>\r\n\t\t<\/li>\r\n\t\t<li class=\"rating-5 hidden no-date text-first\" data-index=\"5\">\r\n\t\t\t<div class=\"text text-excerpt\"><span class=\"review-snippet\">Carme es una gran profesional y su trabajo es de excelente calidad. Es una persona<\/span> <span class=\"review-more-placeholder\">\u2026 More<\/span><span class=\"review-full-text\"> muy cercana y hace que te sientas muy c\u00f3modo en las sesiones de estudio (muy de agradecer a los que no estamos acostumbrados a posar delante de una c\u00e1mara).<\/span><\/div>\r\n\t\t\t<span class=\"author-avatar\"><a href=\"https:\/\/www.google.com\/maps\/contrib\/116220878743327362177\/reviews\" target=\"_blank\" rel=\"nofollow noopener\"><img decoding=\"async\" src=\"https:\/\/lh3.googleusercontent.com\/a-\/ALV-UjXYMmyLP-ZsueRWW5rk5u5hsC6ScWkOtPOPVhPvAPAdYyXLJ1f8=w36-h36-p-rp-mo-ba3-br100\" alt=\"Avatar\" title=\"\"><\/a><\/span>\r\n\t\t\t<span class=\"review-meta\">\r\n\t\t\t\t<span class=\"author-name\"><a href=\"https:\/\/www.google.com\/maps\/contrib\/116220878743327362177\/reviews\" target=\"_blank\" rel=\"nofollow noopener\">Cristian T<\/a><\/span>\r\n\t\t\t\t<span class=\"rating\">\u2605\u2605\u2605\u2605\u2605<\/span>\r\n\t\t\t<\/span>\r\n\t\t<\/li>\r\n\t\t<li class=\"rating-5 hidden no-date text-first\" data-index=\"6\">\r\n\t\t\t<div class=\"text text-excerpt\"><span class=\"review-snippet\">Carme hizo un reportaje de mi hija y una amiga hace un tiempo. Nos ha montado<\/span> <span class=\"review-more-placeholder\">\u2026 More<\/span><span class=\"review-full-text\"> un \u00e1lbum bonito y elegante, muy fino, con unas fotos en su interior preciosas. Un bonito recuerdo y regalo de cumplea\u00f1os \ud83d\ude42<\/span><\/div>\r\n\t\t\t<span class=\"author-avatar\"><a href=\"https:\/\/www.google.com\/maps\/contrib\/103960190138570743257\/reviews\" target=\"_blank\" rel=\"nofollow noopener\"><img decoding=\"async\" src=\"https:\/\/lh3.googleusercontent.com\/a\/ACg8ocJkM8X-9oaNcnWA-wXokyGRs8ne8_jwjlnch5UnXyZSXpBLXQ=w36-h36-p-rp-mo-br100\" alt=\"Avatar\" title=\"\"><\/a><\/span>\r\n\t\t\t<span class=\"review-meta\">\r\n\t\t\t\t<span class=\"author-name\"><a href=\"https:\/\/www.google.com\/maps\/contrib\/103960190138570743257\/reviews\" target=\"_blank\" rel=\"nofollow noopener\">Karen M<\/a><\/span>\r\n\t\t\t\t<span class=\"rating\">\u2605\u2605\u2605\u2605\u2605<\/span>\r\n\t\t\t<\/span>\r\n\t\t<\/li>\r\n\t\t<li class=\"rating-5 hidden no-date text-first\" data-index=\"7\">\r\n\t\t\t<div class=\"text text-excerpt\"><span class=\"review-snippet\">Carme ha hecho una sesi\u00f3n de fotos preciosa a mis 4 hijos. Se adapt\u00f3 a la localizaci\u00f3n<\/span> <span class=\"review-more-placeholder\">\u2026 More<\/span><span class=\"review-full-text\"> que le propusimos y fue fant\u00e1stico. Es muy paciente y muy buena profesional! El resultado un 10!<\/span><\/div>\r\n\t\t\t<span class=\"author-avatar\"><a href=\"https:\/\/www.google.com\/maps\/contrib\/117473184746838766491\/reviews\" target=\"_blank\" rel=\"nofollow noopener\"><img decoding=\"async\" src=\"https:\/\/lh3.googleusercontent.com\/a\/ACg8ocK7KYEKjA_Z55rR5E1l7PTEs_vy8xb4L2IpiJnS2186DbtxzQ=w36-h36-p-rp-mo-br100\" alt=\"Avatar\" title=\"\"><\/a><\/span>\r\n\t\t\t<span class=\"review-meta\">\r\n\t\t\t\t<span class=\"author-name\"><a href=\"https:\/\/www.google.com\/maps\/contrib\/117473184746838766491\/reviews\" target=\"_blank\" rel=\"nofollow noopener\">Ana G<\/a><\/span>\r\n\t\t\t\t<span class=\"rating\">\u2605\u2605\u2605\u2605\u2605<\/span>\r\n\t\t\t<\/span>\r\n\t\t<\/li>\r\n\t\t<li class=\"rating-5 hidden no-date text-first\" data-index=\"8\">\r\n\t\t\t<div class=\"text text-excerpt\"><span class=\"review-snippet\">Hemos hecho una sesi\u00f3n de embarazo y reci\u00e9n nacido con Carme. Una muy buena<\/span> <span class=\"review-more-placeholder\">\u2026 More<\/span><span class=\"review-full-text\"> experiencia, es muy profesional. Te agradecemos el cari\u00f1o y la flexibilidad para lograr las fotos que quer\u00edamos. Muchas gracias por cuidar todos los detalles. El resultado nos encant\u00f3 \ud83d\ude0d\ud83d\ude0d\ud83d\ude0d<\/span><\/div>\r\n\t\t\t<span class=\"author-avatar\"><a href=\"https:\/\/www.google.com\/maps\/contrib\/101409885890701720453\/reviews\" target=\"_blank\" rel=\"nofollow noopener\"><img decoding=\"async\" src=\"https:\/\/lh3.googleusercontent.com\/a\/ACg8ocJcwtU4EiCpmbVnbCGBLqnBh903DFjlejzfRhjUcpglMuxMDw=w36-h36-p-rp-mo-br100\" alt=\"Avatar\" title=\"\"><\/a><\/span>\r\n\t\t\t<span class=\"review-meta\">\r\n\t\t\t\t<span class=\"author-name\"><a href=\"https:\/\/www.google.com\/maps\/contrib\/101409885890701720453\/reviews\" target=\"_blank\" rel=\"nofollow noopener\">Andrea C<\/a><\/span>\r\n\t\t\t\t<span class=\"rating\">\u2605\u2605\u2605\u2605\u2605<\/span>\r\n\t\t\t<\/span>\r\n\t\t<\/li>\r\n\t<\/ul>\r\n\t<ul class=\"navigation\">\t\t<li class=\"bullet current\"><a href=\"#google-business-reviews-rating\" data-slide=\"1\">\u25cf<\/a><\/li>\t\t<li class=\"bullet\"><a href=\"#google-business-reviews-rating\" data-slide=\"2\">\u25cf<\/a><\/li>\t\t<li class=\"bullet\"><a href=\"#google-business-reviews-rating\" data-slide=\"3\">\u25cf<\/a><\/li>\t<\/ul><\/div>\r\n\n\n\n\n<div class=\"wp-block-buttons is-content-justification-center is-layout-flex wp-container-core-buttons-is-layout-16018d1d wp-block-buttons-is-layout-flex\">\n<div class=\"wp-block-button\"><a class=\"wp-block-button__link wp-element-button\">M\u00e1s opiniones<\/a><\/div>\n<\/div>\n<\/div><\/div>\n\n\n\n<div class=\"wp-block-uagb-container uagb-block-ae5bda5e alignfull uagb-is-root-container\">\n<div class=\"wp-block-uagb-container uagb-block-07666f24\">\n<div style=\"height:500px\" aria-hidden=\"true\" class=\"wp-block-spacer uag-hide-desktop\"><\/div>\n<\/div>\n\n\n\n<div class=\"wp-block-uagb-container uagb-block-68420f55\">\n<p class=\"has-text-color has-link-color wp-elements-7586490d74d1958fba9bafcbd35c314d\" style=\"color:#ffffff\">En el a\u00f1o 2014 decid\u00ed hacer un cambio en mi orientaci\u00f3n profesional des del mundo del Derecho, y consegu\u00ed abrir mi propio Estudio de Fotograf\u00eda infantil y para toda la familia en el centro de Sant Cugat. Me form\u00e9 en el Estudio de Katherin Wermke y despu\u00e9s en el IEFC, entre otros cursos.<\/p>\n\n\n\n<p class=\"has-text-color has-link-color wp-elements-495b2cf3799cb9569f4073146d66b7e2\" style=\"color:#ffffff\">Trabajo con el apoyo puntual de diferentes profesionales (maquillaje, pasteler\u00eda, fotograf\u00eda, v\u00eddeo, edici\u00f3n\u2026) en funci\u00f3n del encargo del que se trate.<\/p>\n\n\n\n<p class=\"has-text-color has-link-color wp-elements-6abd53a45174ebea4c4063dd9172d4e5\" style=\"color:#ffffff\">Estoy muy ilusionada y deseo que veng\u00e1is a verme a mi Estudio.<\/p>\n\n\n\n<p class=\"has-text-color has-link-color wp-elements-9589f513af8dbefe391c749d16587ca5\" style=\"color:#ffffff\">Os espero a todos.:)<\/p>\n<\/div>\n<\/div>\n\n\n\n<div class=\"wp-block-uagb-container cta uagb-layout-flex uagb-block-2155f30e alignfull uagb-is-root-container\">\n<p class=\"has-text-align-center has-text-color has-link-color has-large-font-size wp-elements-7956e11028161d2341da62ba2efeb414\" style=\"color:#ffffff\">\u00bfTienes alguna duda? Cont\u00e1ctame<\/p>\n\n\n\n<div class=\"wp-block-buttons alignfull is-content-justification-center is-layout-flex wp-container-core-buttons-is-layout-16018d1d wp-block-buttons-is-layout-flex\">\n<div class=\"wp-block-button has-custom-width wp-block-button__width-50 button-cta\"><a class=\"wp-block-button__link wp-element-button\" href=\"https:\/\/wa.me\/649295823\" target=\"_blank\" rel=\"noopener\">\u00bfTienes dudas?<\/a><\/div>\n<\/div>\n<\/div>\n<\/div><\/div>\n","protected":false},"excerpt":{"rendered":"<p>Qui\u00e9n soy Soy Carme de Olazabal, fot\u00f3grafa profesional enamorada de mi trabajo y madre de dos ni\u00f1as. El Estilo que me define es la fotograf\u00eda [&hellip;]<\/p>\n","protected":false},"author":5,"featured_media":18568,"parent":0,"menu_order":0,"comment_status":"closed","ping_status":"closed","template":"","meta":{"_uag_custom_page_level_css":"","_joinchat":[],"footnotes":""},"class_list":["post-18250","page","type-page","status-publish","has-post-thumbnail","hentry"],"uagb_featured_image_src":{"full":["https:\/\/www.carmedeolazabal.cat\/wp-content\/uploads\/2024\/07\/carme-de-olazabal-sant-cugat-fotografa-jpg.avif",500,500,false],"thumbnail":["https:\/\/www.carmedeolazabal.cat\/wp-content\/uploads\/2024\/07\/carme-de-olazabal-sant-cugat-fotografa-150x150.avif",150,150,true],"medium":["https:\/\/www.carmedeolazabal.cat\/wp-content\/uploads\/2024\/07\/carme-de-olazabal-sant-cugat-fotografa-300x300.avif",300,300,true],"medium_large":["https:\/\/www.carmedeolazabal.cat\/wp-content\/uploads\/2024\/07\/carme-de-olazabal-sant-cugat-fotografa-jpg.avif",500,500,false],"large":["https:\/\/www.carmedeolazabal.cat\/wp-content\/uploads\/2024\/07\/carme-de-olazabal-sant-cugat-fotografa-jpg.avif",500,500,false],"1536x1536":["https:\/\/www.carmedeolazabal.cat\/wp-content\/uploads\/2024\/07\/carme-de-olazabal-sant-cugat-fotografa-jpg.avif",500,500,false],"2048x2048":["https:\/\/www.carmedeolazabal.cat\/wp-content\/uploads\/2024\/07\/carme-de-olazabal-sant-cugat-fotografa-jpg.avif",500,500,false],"ultp_layout_landscape_large":["https:\/\/www.carmedeolazabal.cat\/wp-content\/uploads\/2024\/07\/carme-de-olazabal-sant-cugat-fotografa-jpg.avif",500,500,false],"ultp_layout_landscape":["https:\/\/www.carmedeolazabal.cat\/wp-content\/uploads\/2024\/07\/carme-de-olazabal-sant-cugat-fotografa-jpg.avif",500,500,false],"ultp_layout_portrait":["https:\/\/www.carmedeolazabal.cat\/wp-content\/uploads\/2024\/07\/carme-de-olazabal-sant-cugat-fotografa-jpg.avif",500,500,false],"ultp_layout_square":["https:\/\/www.carmedeolazabal.cat\/wp-content\/uploads\/2024\/07\/carme-de-olazabal-sant-cugat-fotografa-jpg.avif",500,500,false],"authorship-box-avatar":["https:\/\/www.carmedeolazabal.cat\/wp-content\/uploads\/2024\/07\/carme-de-olazabal-sant-cugat-fotografa-150x150.avif",150,150,true],"authorship-box-related":["https:\/\/www.carmedeolazabal.cat\/wp-content\/uploads\/2024\/07\/carme-de-olazabal-sant-cugat-fotografa-70x70.avif",70,70,true],"post-thumbnail":["https:\/\/www.carmedeolazabal.cat\/wp-content\/uploads\/2024\/07\/carme-de-olazabal-sant-cugat-fotografa-jpg.avif",500,500,false],"getwid_base-cropped":["https:\/\/www.carmedeolazabal.cat\/wp-content\/uploads\/2024\/07\/carme-de-olazabal-sant-cugat-fotografa-jpg.avif",500,500,false],"getwid_base-large":["https:\/\/www.carmedeolazabal.cat\/wp-content\/uploads\/2024\/07\/carme-de-olazabal-sant-cugat-fotografa-jpg.avif",500,500,false]},"uagb_author_info":{"display_name":"Carme De Olazabal","author_link":"https:\/\/www.carmedeolazabal.cat\/es\/author\/carme\/"},"uagb_comment_info":0,"uagb_excerpt":"Qui\u00e9n soy Soy Carme de Olazabal, fot\u00f3grafa profesional enamorada de mi trabajo y madre de dos ni\u00f1as. El Estilo que me define es la fotograf\u00eda [&hellip;]","rttpg_featured_image_url":{"full":["https:\/\/www.carmedeolazabal.cat\/wp-content\/uploads\/2024\/07\/carme-de-olazabal-sant-cugat-fotografa-jpg.avif",500,500,false],"landscape":["https:\/\/www.carmedeolazabal.cat\/wp-content\/uploads\/2024\/07\/carme-de-olazabal-sant-cugat-fotografa-jpg.avif",500,500,false],"portraits":["https:\/\/www.carmedeolazabal.cat\/wp-content\/uploads\/2024\/07\/carme-de-olazabal-sant-cugat-fotografa-jpg.avif",500,500,false],"thumbnail":["https:\/\/www.carmedeolazabal.cat\/wp-content\/uploads\/2024\/07\/carme-de-olazabal-sant-cugat-fotografa-150x150.avif",150,150,true],"medium":["https:\/\/www.carmedeolazabal.cat\/wp-content\/uploads\/2024\/07\/carme-de-olazabal-sant-cugat-fotografa-300x300.avif",300,300,true],"large":["https:\/\/www.carmedeolazabal.cat\/wp-content\/uploads\/2024\/07\/carme-de-olazabal-sant-cugat-fotografa-jpg.avif",500,500,false],"1536x1536":["https:\/\/www.carmedeolazabal.cat\/wp-content\/uploads\/2024\/07\/carme-de-olazabal-sant-cugat-fotografa-jpg.avif",500,500,false],"2048x2048":["https:\/\/www.carmedeolazabal.cat\/wp-content\/uploads\/2024\/07\/carme-de-olazabal-sant-cugat-fotografa-jpg.avif",500,500,false],"ultp_layout_landscape_large":["https:\/\/www.carmedeolazabal.cat\/wp-content\/uploads\/2024\/07\/carme-de-olazabal-sant-cugat-fotografa-jpg.avif",500,500,false],"ultp_layout_landscape":["https:\/\/www.carmedeolazabal.cat\/wp-content\/uploads\/2024\/07\/carme-de-olazabal-sant-cugat-fotografa-jpg.avif",500,500,false],"ultp_layout_portrait":["https:\/\/www.carmedeolazabal.cat\/wp-content\/uploads\/2024\/07\/carme-de-olazabal-sant-cugat-fotografa-jpg.avif",500,500,false],"ultp_layout_square":["https:\/\/www.carmedeolazabal.cat\/wp-content\/uploads\/2024\/07\/carme-de-olazabal-sant-cugat-fotografa-jpg.avif",500,500,false],"authorship-box-avatar":["https:\/\/www.carmedeolazabal.cat\/wp-content\/uploads\/2024\/07\/carme-de-olazabal-sant-cugat-fotografa-150x150.avif",150,150,true],"authorship-box-related":["https:\/\/www.carmedeolazabal.cat\/wp-content\/uploads\/2024\/07\/carme-de-olazabal-sant-cugat-fotografa-70x70.avif",70,70,true],"post-thumbnail":["https:\/\/www.carmedeolazabal.cat\/wp-content\/uploads\/2024\/07\/carme-de-olazabal-sant-cugat-fotografa-jpg.avif",500,500,false],"getwid_base-cropped":["https:\/\/www.carmedeolazabal.cat\/wp-content\/uploads\/2024\/07\/carme-de-olazabal-sant-cugat-fotografa-jpg.avif",500,500,false],"getwid_base-large":["https:\/\/www.carmedeolazabal.cat\/wp-content\/uploads\/2024\/07\/carme-de-olazabal-sant-cugat-fotografa-jpg.avif",500,500,false]},"rttpg_author":{"display_name":"Carme De Olazabal","author_link":"https:\/\/www.carmedeolazabal.cat\/es\/author\/carme\/"},"rttpg_comment":0,"rttpg_category":" <a href=\"https:\/\/www.carmedeolazabal.cat\/es\/?taxonomy=translation_priority&#038;term=opcional\" rel=\"tag\">Opcional<\/a>","rttpg_excerpt":"Qui\u00e9n soy Soy Carme de Olazabal, fot\u00f3grafa profesional enamorada de mi trabajo y madre de dos ni\u00f1as. El Estilo que me define es la fotograf\u00eda [&hellip;]","_links":{"self":[{"href":"https:\/\/www.carmedeolazabal.cat\/es\/wp-json\/wp\/v2\/pages\/18250","targetHints":{"allow":["GET"]}}],"collection":[{"href":"https:\/\/www.carmedeolazabal.cat\/es\/wp-json\/wp\/v2\/pages"}],"about":[{"href":"https:\/\/www.carmedeolazabal.cat\/es\/wp-json\/wp\/v2\/types\/page"}],"author":[{"embeddable":true,"href":"https:\/\/www.carmedeolazabal.cat\/es\/wp-json\/wp\/v2\/users\/5"}],"replies":[{"embeddable":true,"href":"https:\/\/www.carmedeolazabal.cat\/es\/wp-json\/wp\/v2\/comments?post=18250"}],"version-history":[{"count":5,"href":"https:\/\/www.carmedeolazabal.cat\/es\/wp-json\/wp\/v2\/pages\/18250\/revisions"}],"predecessor-version":[{"id":18614,"href":"https:\/\/www.carmedeolazabal.cat\/es\/wp-json\/wp\/v2\/pages\/18250\/revisions\/18614"}],"wp:featuredmedia":[{"embeddable":true,"href":"https:\/\/www.carmedeolazabal.cat\/es\/wp-json\/wp\/v2\/media\/18568"}],"wp:attachment":[{"href":"https:\/\/www.carmedeolazabal.cat\/es\/wp-json\/wp\/v2\/media?parent=18250"}],"curies":[{"name":"wp","href":"https:\/\/api.w.org\/{rel}","templated":true}]}}